{"id":11383,"date":"2015-12-11T12:01:22","date_gmt":"2015-12-11T12:01:22","guid":{"rendered":"http:\/\/dueceira.pt\/new\/?page_id=11383"},"modified":"2025-07-25T15:03:54","modified_gmt":"2025-07-25T15:03:54","slug":"orgaos-sociais","status":"publish","type":"page","link":"https:\/\/dueceira.pt\/?page_id=11383","title":{"rendered":"\u00d3rg\u00e3os Sociais e Estatutos"},"content":{"rendered":"<h2>ORG\u00c3OS SOCIAIS &#8211; BI\u00c9NIO 2024\/2025<\/h2>\n<p>&nbsp;<\/p>\n<h3><strong>ASSEMBLEIA GERAL<\/strong><\/h3>\n<h4>PRESIDENTE: Santa Casa da Miseric\u00f3rdia de Semide<\/h4>\n<h4>1\u00ba SECRET\u00c1RIO: Agrupamento de Escolas de Vila Nova de Poiares<\/h4>\n<h4>2\u00ba SECRET\u00c1RIO: Santa Casa da Miseric\u00f3rdia da Lous\u00e3<\/h4>\n<p>&nbsp;<\/p>\n<h3><strong>CONSELHO FISCAL<\/strong><\/h3>\n<h4>PRESIDENTE: AEDP \u2013 Associa\u00e7\u00e3o Empresarial de Poiares<\/h4>\n<h4>SECRET\u00c1RIO: ARCIL \u2013 Associa\u00e7\u00e3o para a Recupera\u00e7\u00e3o de Cidad\u00e3os Inadaptados da Lous\u00e3<\/h4>\n<h4>RELATOR: ACTIVAR \u2013 Associa\u00e7\u00e3o de Coopera\u00e7\u00e3o da Lous\u00e3<\/h4>\n<p>&nbsp;<\/p>\n<h3><strong>DIREC\u00c7\u00c3O<\/strong><\/h3>\n<h4>PRESIDENTE: Munic\u00edpio da Lous\u00e3<\/h4>\n<h4>SECRET\u00c1RIO: Munic\u00edpio de Miranda do Corvo<\/h4>\n<h4>TESOUREIRO: Munic\u00edpio de Vila Nova de Poiares<\/h4>\n<h4>VOGAL: Funda\u00e7\u00e3o ADFP de Miranda do Corvo<\/h4>\n<h4>VOGAL: Munic\u00edpio de Penela<\/h4>\n<p>&nbsp;<\/p>\n<h2><span style=\"color: #857575;\"><a style=\"color: #857575;\" href=\"http:\/\/dueceira.pt\/wp-content\/uploads\/2015\/12\/transferir.gif\" rel=\"attachment wp-att-11975\"><img decoding=\"async\" class=\"alignnone size-full wp-image-11975\" src=\"http:\/\/dueceira.pt\/wp-content\/uploads\/2015\/12\/transferir.gif\" alt=\"transferir\" width=\"1\" height=\"1\" \/><\/a>Estatutos\u00a0<\/span><\/h2>\n<h4><span style=\"color: #333333;\">Visualizar ficheiro pdf <a style=\"color: #333333;\" href=\"http:\/\/dueceira.pt\/wp-content\/uploads\/2015\/12\/Estatutos.pdf\" target=\"_blank\" rel=\"noopener noreferrer\">(link)<\/a><\/span><\/h4>\n","protected":false},"excerpt":{"rendered":"<p>ORG\u00c3OS SOCIAIS &#8211; BI\u00c9NIO 2024\/2025 &nbsp; ASSEMBLEIA GERAL PRESIDENTE: Santa Casa da Miseric\u00f3rdia de Semide 1\u00ba SECRET\u00c1RIO: Agrupamento de Escolas de Vila Nova de Poiares 2\u00ba SECRET\u00c1RIO: Santa Casa da Miseric\u00f3rdia da Lous\u00e3 &nbsp; CONSELHO FISCAL PRESIDENTE: AEDP \u2013 Associa\u00e7\u00e3o Empresarial de Poiares SECRET\u00c1RIO: ARCIL \u2013 Associa\u00e7\u00e3o para a Recupera\u00e7\u00e3o de Cidad\u00e3os Inadaptados da Lous\u00e3  [&#8230;]<\/p>\n","protected":false},"author":2,"featured_media":0,"parent":0,"menu_order":0,"comment_status":"closed","ping_status":"closed","template":"","meta":{"footnotes":""},"class_list":["post-11383","page","type-page","status-publish","hentry"],"jetpack_sharing_enabled":true,"_links":{"self":[{"href":"https:\/\/dueceira.pt\/index.php?rest_route=\/wp\/v2\/pages\/11383","targetHints":{"allow":["GET"]}}],"collection":[{"href":"https:\/\/dueceira.pt\/index.php?rest_route=\/wp\/v2\/pages"}],"about":[{"href":"https:\/\/dueceira.pt\/index.php?rest_route=\/wp\/v2\/types\/page"}],"author":[{"embeddable":true,"href":"https:\/\/dueceira.pt\/index.php?rest_route=\/wp\/v2\/users\/2"}],"replies":[{"embeddable":true,"href":"https:\/\/dueceira.pt\/index.php?rest_route=%2Fwp%2Fv2%2Fcomments&post=11383"}],"version-history":[{"count":11,"href":"https:\/\/dueceira.pt\/index.php?rest_route=\/wp\/v2\/pages\/11383\/revisions"}],"predecessor-version":[{"id":15067,"href":"https:\/\/dueceira.pt\/index.php?rest_route=\/wp\/v2\/pages\/11383\/revisions\/15067"}],"wp:attachment":[{"href":"https:\/\/dueceira.pt\/index.php?rest_route=%2Fwp%2Fv2%2Fmedia&parent=11383"}],"curies":[{"name":"wp","href":"https:\/\/api.w.org\/{rel}","templated":true}]}}