{"id":11784,"date":"2016-01-27T11:32:59","date_gmt":"2016-01-27T11:32:59","guid":{"rendered":"http:\/\/dueceira.pt\/new\/?page_id=11784"},"modified":"2025-08-04T11:05:45","modified_gmt":"2025-08-04T11:05:45","slug":"visao-e-objectivo-estrategico","status":"publish","type":"page","link":"https:\/\/dueceira.pt\/?page_id=11784","title":{"rendered":"Vis\u00e3o e Macro-Objectivo"},"content":{"rendered":"<div class=\"fusion-fullwidth fullwidth-box fusion-builder-row-1 hundred-percent-fullwidth non-hundred-percent-height-scrolling\" style=\"--awb-border-radius-top-left:0px;--awb-border-radius-top-right:0px;--awb-border-radius-bottom-right:0px;--awb-border-radius-bottom-left:0px;--awb-overflow:visible;--awb-flex-wrap:wrap;\" ><div class=\"fusion-builder-row fusion-row\"><div class=\"fusion-layout-column fusion_builder_column fusion-builder-column-0 fusion_builder_column_2_3 2_3 fusion-two-third fusion-column-first\" style=\"--awb-bg-size:cover;width:65.3333%; margin-right: 4%;\"><div class=\"fusion-column-wrapper fusion-flex-column-wrapper-legacy\"><div class=\"fusion-text fusion-text-1\"><h4>A Associa\u00e7\u00e3o tem como <strong>Miss\u00e3o<\/strong>, a melhoria da qualidade de vida das suas popula\u00e7\u00f5es atrav\u00e9s da constru\u00e7\u00e3o de uma imagem positiva, renovada e atractiva do mundo rural, com recurso \u00e0s originalidades do territ\u00f3rio como factor de afirma\u00e7\u00e3o e fortalecimento da auto-estima das comunidades locais, visando a sua fixa\u00e7\u00e3o e valoriza\u00e7\u00e3o, sendo assumido como <strong>Macro-objectivo<\/strong> de toda a interven\u00e7\u00e3o o <strong>REFOR\u00c7O DA COMPETITIVIDADE DO TERRIT\u00d3RIO<\/strong>, ao n\u00edvel Social; Ambiental; Econ\u00f3mico e Global.<\/h4>\n<p>&nbsp;<\/p>\n<p><a href=\"http:\/\/dueceira.pt\/wp-content\/uploads\/2016\/01\/15.png\" rel=\"attachment wp-att-11785\"><img decoding=\"async\" class=\"wp-image-11785 aligncenter\" src=\"http:\/\/dueceira.pt\/wp-content\/uploads\/2016\/01\/15.png\" alt=\"15\" width=\"667\" height=\"543\" srcset=\"https:\/\/dueceira.pt\/wp-content\/uploads\/2016\/01\/15-300x244.png 300w, https:\/\/dueceira.pt\/wp-content\/uploads\/2016\/01\/15-768x626.png 768w, https:\/\/dueceira.pt\/wp-content\/uploads\/2016\/01\/15-1024x834.png 1024w, https:\/\/dueceira.pt\/wp-content\/uploads\/2016\/01\/15.png 1382w\" sizes=\"(max-width: 667px) 100vw, 667px\" \/><\/a><\/p>\n<h4>\u00c0 Miss\u00e3o da Dueceira est\u00e3o subjacentes premissas que estabilizam a vis\u00e3o estrat\u00e9gica e definem componentes fundamentais para a sua compreens\u00e3o e abordagem:<\/h4>\n<ul>\n<li>\n<h4>A popula\u00e7\u00e3o, o povoamento, a massa cr\u00edtica, a organiza\u00e7\u00e3o, a responsabilidade social e a cidadania surgem como componentes da <strong>abordagem social<\/strong> do territ\u00f3rio;<\/h4>\n<\/li>\n<li>\n<h4>A <strong>abordagem ambiental<\/strong> tem como suporte a \u2018paisagem e o ordenamento\u2019 e sub-dom\u00ednios tais como os recursos naturais, os equipamentos e infra-estruturas e sua (re)funcionaliza\u00e7\u00e3o, o patrim\u00f3nio, a imagem e identidade;<\/h4>\n<\/li>\n<li>\n<h4>A <strong>abordagem econ\u00f3mica<\/strong> do territ\u00f3rio, visando a sua prosperidade, contempla a forma\u00e7\u00e3o e qualifica\u00e7\u00e3o, as compet\u00eancias, as mat\u00e9rias, os produtos, o mercado de trabalho, os sectores de actividade, o tecido empresarial, a produtividade e a inova\u00e7\u00e3o e os recursos financeiros;<\/h4>\n<\/li>\n<li>\n<h4>A observa\u00e7\u00e3o do territ\u00f3rio no seu todo comporta uma <strong>abordagem global<\/strong>, atrav\u00e9s da qual se analisa a \u201c<em>capacidade dos agentes locais encontrarem o seu lugar (\u2026), o seu pr\u00f3prio posicionamento (\u2026) em rela\u00e7\u00e3o a outros territ\u00f3rios e ao mundo exterior, em geral, de forma a fazer avan\u00e7ar o seu projecto territorial, assegurando-lhe uma viabilidade no contexto da globaliza\u00e7\u00e3o\u201d.<\/em><\/h4>\n<\/li>\n<\/ul>\n<h4>O <strong>Macro-objectivo<\/strong> de toda a interven\u00e7\u00e3o foca-se no<\/h4>\n<h4 style=\"text-align: center;\"><strong>BEM-ESTAR das comunidades visando o crescimento harmonioso do Territ\u00f3rio <\/strong><\/h4>\n<h4 style=\"text-align: center;\"><strong>[+sustent\u00e1vel +inteligente, +inclusivo, +atractivo, +pr\u00f3ximo]<\/strong><\/h4>\n<p>&nbsp;<\/p>\n<p>&nbsp;<\/p>\n<hr \/>\n<\/div><div class=\"fusion-clearfix\"><\/div><\/div><\/div><\/div><\/div>\n","protected":false},"excerpt":{"rendered":"","protected":false},"author":2,"featured_media":0,"parent":0,"menu_order":0,"comment_status":"closed","ping_status":"closed","template":"","meta":{"footnotes":""},"class_list":["post-11784","page","type-page","status-publish","hentry"],"jetpack_sharing_enabled":true,"_links":{"self":[{"href":"https:\/\/dueceira.pt\/index.php?rest_route=\/wp\/v2\/pages\/11784","targetHints":{"allow":["GET"]}}],"collection":[{"href":"https:\/\/dueceira.pt\/index.php?rest_route=\/wp\/v2\/pages"}],"about":[{"href":"https:\/\/dueceira.pt\/index.php?rest_route=\/wp\/v2\/types\/page"}],"author":[{"embeddable":true,"href":"https:\/\/dueceira.pt\/index.php?rest_route=\/wp\/v2\/users\/2"}],"replies":[{"embeddable":true,"href":"https:\/\/dueceira.pt\/index.php?rest_route=%2Fwp%2Fv2%2Fcomments&post=11784"}],"version-history":[{"count":7,"href":"https:\/\/dueceira.pt\/index.php?rest_route=\/wp\/v2\/pages\/11784\/revisions"}],"predecessor-version":[{"id":15179,"href":"https:\/\/dueceira.pt\/index.php?rest_route=\/wp\/v2\/pages\/11784\/revisions\/15179"}],"wp:attachment":[{"href":"https:\/\/dueceira.pt\/index.php?rest_route=%2Fwp%2Fv2%2Fmedia&parent=11784"}],"curies":[{"name":"wp","href":"https:\/\/api.w.org\/{rel}","templated":true}]}}