{"id":11841,"date":"2016-01-28T20:56:09","date_gmt":"2016-01-28T20:56:09","guid":{"rendered":"http:\/\/dueceira.pt\/new\/?page_id=11841"},"modified":"2025-11-03T17:35:26","modified_gmt":"2025-11-03T17:35:26","slug":"edl-estrategia-de-desenvolvimento-local","status":"publish","type":"page","link":"https:\/\/dueceira.pt\/?page_id=11841","title":{"rendered":"EDL- Estrat\u00e9gia de Desenvolvimento Local"},"content":{"rendered":"<h4 style=\"text-align: justify;\">A <span style=\"color: #000080;\"><strong>EDL- Estrat\u00e9gia de Desenvolvimento Local do DLBC DUECEIRA2030<\/strong><\/span> consolida-se no <strong><span style=\"color: #000080;\">PLANO DE IMPLEMENTA\u00c7\u00c3O<\/span><\/strong>, o qual integra e elenca \u2013igualmente- as <span style=\"color: #000080;\"><strong>Tipologias de Interven\u00e7\u00e3o<\/strong><\/span> previstas na <span style=\"color: #000080;\"><strong>Medida D 1.1.1.1<\/strong><\/span> do <span style=\"color: #000080;\"><strong>PEPAC 2027<\/strong> <\/span>&#8211; Plano Estrat\u00e9gico da Pol\u00edtica Agr\u00edcola Comum (Continente)<\/h4>\n<h4>Define-se atrav\u00e9s dos seguintes <span style=\"color: #000080;\"><strong>ELEMENTOS PROGRAM\u00c1TICOS<\/strong><\/span>:<\/h4>\n<ul>\n<li>\n<h4><a href=\"https:\/\/dueceira.pt\/wp-content\/uploads\/2025\/11\/Matriz-Geral-de-Objectivos-e-Resultados-scaled.png\" target=\"_blank\" rel=\"noopener\"><strong>Matriz Geral de Objectivos e Resultados<\/strong><\/a><\/h4>\n<\/li>\n<li>\n<h4><a href=\"https:\/\/dueceira.pt\/wp-content\/uploads\/2025\/11\/Dominios-de-Intervencao.png\" target=\"_blank\" rel=\"noopener\">Dom\u00ednios de Interven\u00e7\u00e3o<\/a><\/h4>\n<\/li>\n<li>\n<h4><a href=\"https:\/\/dueceira.pt\/wp-content\/uploads\/2025\/11\/Tipologias-de-Intervencao.png\" target=\"_blank\" rel=\"noopener\">Tipologias de Interven\u00e7\u00e3o<\/a><\/h4>\n<\/li>\n<li>\n<h4><a href=\"https:\/\/dueceira.pt\/wp-content\/uploads\/2025\/11\/Distribuicao-Financeira.png\" target=\"_blank\" rel=\"noopener\">Distribui\u00e7\u00e3o Financeira por Tipologias de Interven\u00e7\u00e3o<\/a><\/h4>\n<\/li>\n<li>\n<h4><a href=\"https:\/\/dueceira.pt\/wp-content\/uploads\/2025\/11\/Metas-e-Resultados.png\" target=\"_blank\" rel=\"noopener\">Metas a contratualizar por Indicador de Resultados<\/a><\/h4>\n<\/li>\n<li>\n<h4><a href=\"https:\/\/dueceira.pt\/wp-content\/uploads\/2025\/11\/Estrategia-de-Cooperacao.pdf\" target=\"_blank\" rel=\"noopener\">Estrat\u00e9gia de Coopera\u00e7\u00e3o<\/a><\/h4>\n<\/li>\n<li>\n<h4><a href=\"https:\/\/dueceira.pt\/wp-content\/uploads\/2025\/11\/Animacao-e-Promocao-Territorial.pdf\" target=\"_blank\" rel=\"noopener\">Anima\u00e7\u00e3o e Promo\u00e7\u00e3o Territorial<\/a><\/h4>\n<\/li>\n<\/ul>\n<p>&nbsp;<\/p>\n<hr \/>\n<p><strong>Abordagem LEADER&#8230; <\/strong>mais Informa\u00e7\u00e3o:<\/p>\n<p><a href=\"http:\/\/dueceira.pt\/wp-content\/uploads\/2019\/04\/Anexo-Artigo-Jose_Ferragolo_da_Veiga.pdf\" target=\"_blank\" rel=\"noopener noreferrer\">Artigo do Investigador Jos\u00e9 Ferragolo da Veiga (IESE)<\/a><\/p>\n<p><a href=\"http:\/\/dueceira.pt\/wp-content\/uploads\/2019\/04\/Anexo-Parecer-CESE_DLBC_PT.pdf\" target=\"_blank\" rel=\"noopener noreferrer\">Parecer do CESE ( Jornal Oficial das Comunidades Europeias)<\/a><\/p>\n<p>&nbsp;<\/p>\n<hr \/>\n<h4><\/h4>\n","protected":false},"excerpt":{"rendered":"<p>A EDL- Estrat\u00e9gia de Desenvolvimento Local do DLBC DUECEIRA2030 consolida-se no PLANO DE IMPLEMENTA\u00c7\u00c3O, o qual integra e elenca \u2013igualmente- as Tipologias de Interven\u00e7\u00e3o previstas na Medida D 1.1.1.1 do PEPAC 2027 &#8211; Plano Estrat\u00e9gico da Pol\u00edtica Agr\u00edcola Comum (Continente) Define-se atrav\u00e9s dos seguintes ELEMENTOS PROGRAM\u00c1TICOS: Matriz Geral de Objectivos e Resultados Dom\u00ednios de Interven\u00e7\u00e3o  [&#8230;]<\/p>\n","protected":false},"author":2,"featured_media":0,"parent":0,"menu_order":0,"comment_status":"closed","ping_status":"closed","template":"","meta":{"footnotes":""},"class_list":["post-11841","page","type-page","status-publish","hentry"],"jetpack_sharing_enabled":true,"_links":{"self":[{"href":"https:\/\/dueceira.pt\/index.php?rest_route=\/wp\/v2\/pages\/11841","targetHints":{"allow":["GET"]}}],"collection":[{"href":"https:\/\/dueceira.pt\/index.php?rest_route=\/wp\/v2\/pages"}],"about":[{"href":"https:\/\/dueceira.pt\/index.php?rest_route=\/wp\/v2\/types\/page"}],"author":[{"embeddable":true,"href":"https:\/\/dueceira.pt\/index.php?rest_route=\/wp\/v2\/users\/2"}],"replies":[{"embeddable":true,"href":"https:\/\/dueceira.pt\/index.php?rest_route=%2Fwp%2Fv2%2Fcomments&post=11841"}],"version-history":[{"count":15,"href":"https:\/\/dueceira.pt\/index.php?rest_route=\/wp\/v2\/pages\/11841\/revisions"}],"predecessor-version":[{"id":15332,"href":"https:\/\/dueceira.pt\/index.php?rest_route=\/wp\/v2\/pages\/11841\/revisions\/15332"}],"wp:attachment":[{"href":"https:\/\/dueceira.pt\/index.php?rest_route=%2Fwp%2Fv2%2Fmedia&parent=11841"}],"curies":[{"name":"wp","href":"https:\/\/api.w.org\/{rel}","templated":true}]}}