{"id":11857,"date":"2016-01-28T21:30:36","date_gmt":"2016-01-28T21:30:36","guid":{"rendered":"http:\/\/dueceira.pt\/new\/?page_id=11857"},"modified":"2019-02-07T12:07:20","modified_gmt":"2019-02-07T12:07:20","slug":"actividades-dueceira","status":"publish","type":"page","link":"https:\/\/dueceira.pt\/?page_id=11857","title":{"rendered":"Actividades Dueceira"},"content":{"rendered":"<p><div class=\"fusion-fullwidth fullwidth-box fusion-builder-row-1 nonhundred-percent-fullwidth non-hundred-percent-height-scrolling\" style=\"--awb-background-position:left top;--awb-border-radius-top-left:0px;--awb-border-radius-top-right:0px;--awb-border-radius-bottom-right:0px;--awb-border-radius-bottom-left:0px;--awb-padding-top:20px;--awb-padding-bottom:20px;--awb-border-sizes-top:0px;--awb-border-sizes-bottom:0px;--awb-flex-wrap:wrap;\" ><div class=\"fusion-builder-row fusion-row\"><div class=\"fusion-layout-column fusion_builder_column fusion-builder-column-0 fusion_builder_column_2_3 2_3 fusion-two-third fusion-column-first\" style=\"--awb-bg-size:cover;width:65.3333%; margin-right: 4%;\"><div class=\"fusion-column-wrapper fusion-flex-column-wrapper-legacy\"><div class=\"fusion-text fusion-text-1\"><h2><strong>Conte\u00fados\u00a0em constru\u00e7\u00e3o&#8230;<\/strong><\/h2>\n<h2><\/h2>\n<p>&nbsp;<\/p>\n<h4>&#8211; Capacita\u00e7\u00e3o e Sensibiliza\u00e7\u00e3o<\/h4>\n<h4>&#8211; Anima\u00e7\u00e3o Territorial<\/h4>\n<h4>&#8211; Coopera\u00e7\u00e3o Inter-Territorial<\/h4>\n<h4>&#8211; Protocolos de Colabora\u00e7\u00e3o<\/p>\n<\/div><div class=\"fusion-clearfix\"><\/div><\/div><\/div><\/div><\/div><\/h4>\n","protected":false},"excerpt":{"rendered":"","protected":false},"author":2,"featured_media":0,"parent":0,"menu_order":0,"comment_status":"closed","ping_status":"closed","template":"","meta":{"footnotes":""},"class_list":["post-11857","page","type-page","status-publish","hentry"],"jetpack_sharing_enabled":true,"_links":{"self":[{"href":"https:\/\/dueceira.pt\/index.php?rest_route=\/wp\/v2\/pages\/11857","targetHints":{"allow":["GET"]}}],"collection":[{"href":"https:\/\/dueceira.pt\/index.php?rest_route=\/wp\/v2\/pages"}],"about":[{"href":"https:\/\/dueceira.pt\/index.php?rest_route=\/wp\/v2\/types\/page"}],"author":[{"embeddable":true,"href":"https:\/\/dueceira.pt\/index.php?rest_route=\/wp\/v2\/users\/2"}],"replies":[{"embeddable":true,"href":"https:\/\/dueceira.pt\/index.php?rest_route=%2Fwp%2Fv2%2Fcomments&post=11857"}],"version-history":[{"count":6,"href":"https:\/\/dueceira.pt\/index.php?rest_route=\/wp\/v2\/pages\/11857\/revisions"}],"predecessor-version":[{"id":13111,"href":"https:\/\/dueceira.pt\/index.php?rest_route=\/wp\/v2\/pages\/11857\/revisions\/13111"}],"wp:attachment":[{"href":"https:\/\/dueceira.pt\/index.php?rest_route=%2Fwp%2Fv2%2Fmedia&parent=11857"}],"curies":[{"name":"wp","href":"https:\/\/api.w.org\/{rel}","templated":true}]}}