{"id":11863,"date":"2016-01-28T21:57:15","date_gmt":"2016-01-28T21:57:15","guid":{"rendered":"http:\/\/dueceira.pt\/new\/?page_id=11863"},"modified":"2019-02-07T12:07:20","modified_gmt":"2019-02-07T12:07:20","slug":"certificacao-de-micro-e-pequenas-empresas","status":"publish","type":"page","link":"https:\/\/dueceira.pt\/?page_id=11863","title":{"rendered":"Certifica\u00e7\u00e3o de Micro e Pequenas Empresas"},"content":{"rendered":"<div class=\"fusion-fullwidth fullwidth-box fusion-builder-row-1 nonhundred-percent-fullwidth non-hundred-percent-height-scrolling\" style=\"--awb-background-position:left top;--awb-border-radius-top-left:0px;--awb-border-radius-top-right:0px;--awb-border-radius-bottom-right:0px;--awb-border-radius-bottom-left:0px;--awb-padding-top:20px;--awb-padding-bottom:20px;--awb-border-sizes-top:0px;--awb-border-sizes-bottom:0px;--awb-flex-wrap:wrap;\" ><div class=\"fusion-builder-row fusion-row\"><div class=\"fusion-layout-column fusion_builder_column fusion-builder-column-0 fusion_builder_column_2_3 2_3 fusion-two-third fusion-column-first\" style=\"--awb-bg-size:cover;width:65.3333%; margin-right: 4%;\"><div class=\"fusion-column-wrapper fusion-flex-column-wrapper-legacy\"><div class=\"fusion-text fusion-text-1\"><\/div>\n<h1><a href=\"http:\/\/dueceira.pt\/wp-content\/uploads\/2016\/01\/logotipo.jpg\" rel=\"attachment wp-att-12031\"><img decoding=\"async\" class=\"alignnone size-full wp-image-12031\" src=\"http:\/\/dueceira.pt\/wp-content\/uploads\/2016\/01\/logotipo.jpg\" alt=\"logotipo\" width=\"188\" height=\"66\" \/><\/a><\/h1>\n<h2><strong>Descri\u00e7\u00e3o<\/strong><\/h2>\n<h4 style=\"text-align: justify;\">Certifica\u00e7\u00e3o de PME on-line<\/h4>\n<h4 style=\"text-align: justify;\">Com suporte legislativo no\u00a0<a href=\"http:\/\/www.iapmei.pt\/resources\/download\/dl_372_2007.pdf\" target=\"_blank\">Decreto-Lei n.\u00ba 372\/2007, de 6 de Novembro<\/a>, a certifica\u00e7\u00e3o por via electr\u00f3nica de micro, pequena e m\u00e9dia empresa, permite aferir o estatuto de PME de qualquer empresa interessada em obter tal qualidade, de acordo com a\u00a0<a href=\"http:\/\/www.iapmei.pt\/resources\/download\/r_2003_361_ce.pdf\" target=\"_blank\">Recomenda\u00e7\u00e3o da Comunidade de 6 de Maio de 2003 (2003\/361\/CE)<\/a>.<\/h4>\n<p>&nbsp;<\/p>\n<h2><strong>Vantagens<\/strong><\/h2>\n<ul>\n<li>\n<h4 style=\"text-align: justify;\">Simplificar e acelerar o tratamento administrativo dos processos nos quais se requer o estatuto de micro, pequena e m\u00e9dia empresa;<\/h4>\n<\/li>\n<li style=\"text-align: justify;\">\n<h4>Permitir maior transpar\u00eancia na aplica\u00e7\u00e3o da defini\u00e7\u00e3o PME no \u00e2mbito dos diferentes apoios concedidos pelas entidades p\u00fablicas;<\/h4>\n<\/li>\n<li style=\"text-align: justify;\">\n<h4>Permitir a participa\u00e7\u00e3o das PME nos diferentes programas comunit\u00e1rios e garantir uma informa\u00e7\u00e3o adequada \u00e0s entidades interessadas no que respeita \u00e0 aplica\u00e7\u00e3o da defini\u00e7\u00e3o PME;<\/h4>\n<\/li>\n<li style=\"text-align: justify;\">\n<h4>Garantir que as medidas e apoios destinados \u00e0s PME se apliquem apenas \u00e0s empresas que comprovem esta qualidade;<\/h4>\n<\/li>\n<li style=\"text-align: justify;\">\n<h4>Permitir uma certifica\u00e7\u00e3o multiuso, durante o seu prazo de validade, em diferentes servi\u00e7os e com distintas finalidades.<\/h4>\n<\/li>\n<\/ul>\n<h4 style=\"text-align: justify;\"><\/h4>\n<h4 style=\"text-align: justify;\">Qualquer empresa pode, assim, obter on-line e gratuitamente, essa certifica\u00e7\u00e3o de modo autom\u00e1tico e imediato, ficando dispensada de entregar os documentos probat\u00f3rios de classifica\u00e7\u00e3o sempre que se candidate aos apoios na Administra\u00e7\u00e3o P\u00fablica e nas entidades protocoladas neste \u00e2mbito.<\/h4>\n<p>&nbsp;<\/p>\n<h2><strong>Papel da DUECEIRA<\/strong><\/h2>\n<h4 style=\"text-align: justify;\">Nos termos do artigo 11\u00ba do D.L. n.\u00ba 372\/2007 e na sua qualidade de entidade gestora de fundos no \u00e2mbito do PDR2020 e Centro2020, a Dueceira \u00e9 entidade consultora da certifica\u00e7\u00e3o de empresas para fins de an\u00e1lise processual de candidaturas e valida\u00e7\u00e3o de Opera\u00e7\u00f5es de investimento.<\/h4>\n<p>&nbsp;<\/p>\n<h2><strong>Procedimentos<\/strong><\/h2>\n<h4 style=\"text-align: justify;\">O sistema de suporte ao novo servi\u00e7o assegura as seguintes funcionalidades para as empresas:<\/h4>\n<ul>\n<li style=\"text-align: justify;\">\n<h4>Prepara\u00e7\u00e3o do pedido de certifica\u00e7\u00e3o e simula\u00e7\u00e3o de resultados;<\/h4>\n<\/li>\n<li style=\"text-align: justify;\">\n<h4>Formaliza\u00e7\u00e3o do pedido de estatuto e emiss\u00e3o de certificado electr\u00f3nico;<\/h4>\n<\/li>\n<li style=\"text-align: justify;\">\n<h4>Emiss\u00e3o de alertas preventivos \u00e0s empresas para cumprimento das obriga\u00e7\u00f5es decorrentes da certifica\u00e7\u00e3o obtida, atrav\u00e9s do canal escolhido;<\/h4>\n<\/li>\n<li style=\"text-align: justify;\">\n<h4>Realiza\u00e7\u00e3o de opera\u00e7\u00f5es de manuten\u00e7\u00e3o da certifica\u00e7\u00e3o, designadamente, confirma\u00e7\u00e3o de estimativas, actualiza\u00e7\u00e3o e altera\u00e7\u00e3o de dados e renova\u00e7\u00e3o da certifica\u00e7\u00e3o;<\/h4>\n<\/li>\n<li>\n<h4 style=\"text-align: justify;\">Assist\u00eancia t\u00e9cnica ao longo de todo o ciclo da certifica\u00e7\u00e3o, poss\u00edvel atrav\u00e9s de v\u00e1rios canais, designadamente, internet, call center e SMS.<\/h4>\n<\/li>\n<\/ul>\n<p>&nbsp;<\/p>\n<h2><strong>Link\/Acesso<\/strong><\/h2>\n<h4><a href=\"https:\/\/www.iapmei.pt\/Paginas\/certificacao-PME.aspx\" target=\"_blank\">IAPMEI &#8211; Certifica\u00e7\u00e3o de Empresas <\/a><\/h4>\n<h4><\/h4>\n<div class=\"fusion-clearfix\"><\/div><\/div><\/div><\/div><\/div>\n","protected":false},"excerpt":{"rendered":"","protected":false},"author":2,"featured_media":0,"parent":0,"menu_order":0,"comment_status":"closed","ping_status":"closed","template":"","meta":{"footnotes":""},"class_list":["post-11863","page","type-page","status-publish","hentry"],"jetpack_sharing_enabled":true,"_links":{"self":[{"href":"https:\/\/dueceira.pt\/index.php?rest_route=\/wp\/v2\/pages\/11863","targetHints":{"allow":["GET"]}}],"collection":[{"href":"https:\/\/dueceira.pt\/index.php?rest_route=\/wp\/v2\/pages"}],"about":[{"href":"https:\/\/dueceira.pt\/index.php?rest_route=\/wp\/v2\/types\/page"}],"author":[{"embeddable":true,"href":"https:\/\/dueceira.pt\/index.php?rest_route=\/wp\/v2\/users\/2"}],"replies":[{"embeddable":true,"href":"https:\/\/dueceira.pt\/index.php?rest_route=%2Fwp%2Fv2%2Fcomments&post=11863"}],"version-history":[{"count":9,"href":"https:\/\/dueceira.pt\/index.php?rest_route=\/wp\/v2\/pages\/11863\/revisions"}],"predecessor-version":[{"id":13109,"href":"https:\/\/dueceira.pt\/index.php?rest_route=\/wp\/v2\/pages\/11863\/revisions\/13109"}],"wp:attachment":[{"href":"https:\/\/dueceira.pt\/index.php?rest_route=%2Fwp%2Fv2%2Fmedia&parent=11863"}],"curies":[{"name":"wp","href":"https:\/\/api.w.org\/{rel}","templated":true}]}}