{"id":11875,"date":"2016-01-28T22:13:14","date_gmt":"2016-01-28T22:13:14","guid":{"rendered":"http:\/\/dueceira.pt\/new\/?page_id=11875"},"modified":"2019-02-07T12:07:20","modified_gmt":"2019-02-07T12:07:20","slug":"o-mundo-mais-alem","status":"publish","type":"page","link":"https:\/\/dueceira.pt\/?page_id=11875","title":{"rendered":"O Mundo mais al\u00e9m"},"content":{"rendered":"<p><div class=\"fusion-fullwidth fullwidth-box fusion-builder-row-1 nonhundred-percent-fullwidth non-hundred-percent-height-scrolling\" style=\"--awb-background-position:left top;--awb-border-radius-top-left:0px;--awb-border-radius-top-right:0px;--awb-border-radius-bottom-right:0px;--awb-border-radius-bottom-left:0px;--awb-padding-top:20px;--awb-padding-bottom:20px;--awb-border-sizes-top:0px;--awb-border-sizes-bottom:0px;--awb-flex-wrap:wrap;\" ><div class=\"fusion-builder-row fusion-row\"><div class=\"fusion-layout-column fusion_builder_column fusion-builder-column-0 fusion_builder_column_2_3 2_3 fusion-two-third fusion-column-first\" style=\"--awb-bg-size:cover;width:65.3333%; margin-right: 4%;\"><div class=\"fusion-column-wrapper fusion-flex-column-wrapper-legacy\"><div class=\"fusion-text fusion-text-1\"><p><a href=\"http:\/\/dueceira.pt\/wp-content\/uploads\/2013\/01\/mundo-mais-al\u00e9m-.jpg\" rel=\"attachment wp-att-11931\"><img decoding=\"async\" class=\"alignnone size-full wp-image-11931\" src=\"http:\/\/dueceira.pt\/wp-content\/uploads\/2013\/01\/mundo-mais-al\u00e9m-.jpg\" alt=\"mundo mais al\u00e9m\" width=\"720\" height=\"540\" srcset=\"https:\/\/dueceira.pt\/wp-content\/uploads\/2013\/01\/mundo-mais-al\u00e9m--300x225.jpg 300w, https:\/\/dueceira.pt\/wp-content\/uploads\/2013\/01\/mundo-mais-al\u00e9m-.jpg 720w\" sizes=\"(max-width: 720px) 100vw, 720px\" \/><\/a><\/p>\n<h4 style=\"text-align: justify;\"><strong>Futuro espa\u00e7o de divulga\u00e7\u00e3o e promo\u00e7\u00e3o dos projectos de coopera\u00e7\u00e3o transnacional <\/strong>desenvolvidos em parceria pela Associa\u00e7\u00e3o<\/p>\n<\/div><div class=\"fusion-clearfix\"><\/div><\/div><\/div><\/div><\/div><\/h4>\n","protected":false},"excerpt":{"rendered":"","protected":false},"author":2,"featured_media":0,"parent":0,"menu_order":0,"comment_status":"closed","ping_status":"closed","template":"","meta":{"footnotes":""},"class_list":["post-11875","page","type-page","status-publish","hentry"],"jetpack_sharing_enabled":true,"_links":{"self":[{"href":"https:\/\/dueceira.pt\/index.php?rest_route=\/wp\/v2\/pages\/11875","targetHints":{"allow":["GET"]}}],"collection":[{"href":"https:\/\/dueceira.pt\/index.php?rest_route=\/wp\/v2\/pages"}],"about":[{"href":"https:\/\/dueceira.pt\/index.php?rest_route=\/wp\/v2\/types\/page"}],"author":[{"embeddable":true,"href":"https:\/\/dueceira.pt\/index.php?rest_route=\/wp\/v2\/users\/2"}],"replies":[{"embeddable":true,"href":"https:\/\/dueceira.pt\/index.php?rest_route=%2Fwp%2Fv2%2Fcomments&post=11875"}],"version-history":[{"count":4,"href":"https:\/\/dueceira.pt\/index.php?rest_route=\/wp\/v2\/pages\/11875\/revisions"}],"predecessor-version":[{"id":13106,"href":"https:\/\/dueceira.pt\/index.php?rest_route=\/wp\/v2\/pages\/11875\/revisions\/13106"}],"wp:attachment":[{"href":"https:\/\/dueceira.pt\/index.php?rest_route=%2Fwp%2Fv2%2Fmedia&parent=11875"}],"curies":[{"name":"wp","href":"https:\/\/api.w.org\/{rel}","templated":true}]}}