{"id":12325,"date":"2016-03-21T17:40:20","date_gmt":"2016-03-21T17:40:20","guid":{"rendered":"http:\/\/dueceira.pt\/new\/?page_id=12325"},"modified":"2019-02-07T12:07:19","modified_gmt":"2019-02-07T12:07:19","slug":"estatuto-do-artesao-e-unidade-artesanal","status":"publish","type":"page","link":"https:\/\/dueceira.pt\/?page_id=12325","title":{"rendered":"Estatuto do Artes\u00e3o e UPA"},"content":{"rendered":"<div class=\"fusion-fullwidth fullwidth-box fusion-builder-row-1 hundred-percent-fullwidth non-hundred-percent-height-scrolling\" style=\"--awb-border-radius-top-left:0px;--awb-border-radius-top-right:0px;--awb-border-radius-bottom-right:0px;--awb-border-radius-bottom-left:0px;--awb-overflow:visible;--awb-flex-wrap:wrap;\" ><div class=\"fusion-builder-row fusion-row\"><div class=\"fusion-layout-column fusion_builder_column fusion-builder-column-0 fusion_builder_column_2_3 2_3 fusion-two-third fusion-column-first\" style=\"--awb-bg-size:cover;width:65.3333%; margin-right: 4%;\"><div class=\"fusion-column-wrapper fusion-flex-column-wrapper-legacy\"><div class=\"fusion-text fusion-text-1\"><h3 data-fontsize=\"16\" data-lineheight=\"20\">\u2192 Estatuto do Artes\u00e3o e da UPA- Unidade Produtiva Artesanal<\/h3>\n<p>&nbsp;<\/p>\n<ul>\n<li>\n<h4 data-fontsize=\"16\" data-lineheight=\"20\">Defini\u00e7\u00e3o<\/h4>\n<\/li>\n<li>\n<h4 data-fontsize=\"16\" data-lineheight=\"20\">Requisitos para o Reconhecimento de Artes\u00e3o<\/h4>\n<\/li>\n<li>\n<h4 data-fontsize=\"16\" data-lineheight=\"20\">Requisitos para o \u00a0UPA- Unidade Produtiva Artesanal<\/h4>\n<\/li>\n<li>\n<h4 data-fontsize=\"16\" data-lineheight=\"20\">Tramita\u00e7\u00e3o do Processo: GPAO- Gabinete para a Promo\u00e7\u00e3o das Artes e Of\u00edcio<\/h4>\n<\/li>\n<\/ul>\n<p>&nbsp;<\/p>\n<p>&nbsp;<\/p>\n<p data-fontsize=\"16\" data-lineheight=\"20\">\u2192 Mais informa\u00e7\u00e3o<\/p>\n<p style=\"padding-left: 60px;\"><a href=\"http:\/\/dueceira.pt\/wp-content\/uploads\/2016\/01\/Estatuto-do-Artes%C3%A3o-e-UPA.pdf\" rel=\"attachment wp-att-12333\"><img decoding=\"async\" class=\"wp-image-12333 size-medium alignnone\" src=\"http:\/\/dueceira.pt\/wp-content\/uploads\/2016\/03\/estatuto-209x300.jpg\" alt=\"estatuto\" width=\"209\" height=\"300\" srcset=\"https:\/\/dueceira.pt\/wp-content\/uploads\/2016\/03\/estatuto-209x300.jpg 209w, https:\/\/dueceira.pt\/wp-content\/uploads\/2016\/03\/estatuto.jpg 635w\" sizes=\"(max-width: 209px) 100vw, 209px\" \/><\/a><\/p>\n<p style=\"padding-left: 60px;\">\n<\/div><div class=\"fusion-clearfix\"><\/div><\/div><\/div>\n<\/div><\/div>\n","protected":false},"excerpt":{"rendered":"","protected":false},"author":3,"featured_media":0,"parent":0,"menu_order":0,"comment_status":"closed","ping_status":"closed","template":"","meta":{"footnotes":""},"class_list":["post-12325","page","type-page","status-publish","hentry"],"jetpack_sharing_enabled":true,"_links":{"self":[{"href":"https:\/\/dueceira.pt\/index.php?rest_route=\/wp\/v2\/pages\/12325","targetHints":{"allow":["GET"]}}],"collection":[{"href":"https:\/\/dueceira.pt\/index.php?rest_route=\/wp\/v2\/pages"}],"about":[{"href":"https:\/\/dueceira.pt\/index.php?rest_route=\/wp\/v2\/types\/page"}],"author":[{"embeddable":true,"href":"https:\/\/dueceira.pt\/index.php?rest_route=\/wp\/v2\/users\/3"}],"replies":[{"embeddable":true,"href":"https:\/\/dueceira.pt\/index.php?rest_route=%2Fwp%2Fv2%2Fcomments&post=12325"}],"version-history":[{"count":14,"href":"https:\/\/dueceira.pt\/index.php?rest_route=\/wp\/v2\/pages\/12325\/revisions"}],"predecessor-version":[{"id":13101,"href":"https:\/\/dueceira.pt\/index.php?rest_route=\/wp\/v2\/pages\/12325\/revisions\/13101"}],"wp:attachment":[{"href":"https:\/\/dueceira.pt\/index.php?rest_route=%2Fwp%2Fv2%2Fmedia&parent=12325"}],"curies":[{"name":"wp","href":"https:\/\/api.w.org\/{rel}","templated":true}]}}