{"id":12737,"date":"2016-10-18T10:57:15","date_gmt":"2016-10-18T10:57:15","guid":{"rendered":"http:\/\/dueceira.pt\/new\/?page_id=12737"},"modified":"2025-08-01T15:59:57","modified_gmt":"2025-08-01T15:59:57","slug":"anuncio-de-abertura-operacao-10-213","status":"publish","type":"page","link":"https:\/\/dueceira.pt\/?page_id=12737","title":{"rendered":"An\u00fancio de Abertura &#8211; Opera\u00e7\u00e3o 10.213"},"content":{"rendered":"<div class=\"fusion-fullwidth fullwidth-box fusion-builder-row-1 hundred-percent-fullwidth non-hundred-percent-height-scrolling\" style=\"--awb-border-radius-top-left:0px;--awb-border-radius-top-right:0px;--awb-border-radius-bottom-right:0px;--awb-border-radius-bottom-left:0px;--awb-overflow:visible;--awb-flex-wrap:wrap;\" ><div class=\"fusion-builder-row fusion-row\"><div class=\"fusion-layout-column fusion_builder_column fusion-builder-column-0 fusion_builder_column_1_1 1_1 fusion-one-full fusion-column-first fusion-column-last fusion-column-no-min-height\" style=\"--awb-bg-size:cover;--awb-margin-bottom:0px;\"><div class=\"fusion-column-wrapper fusion-flex-column-wrapper-legacy\"><div class=\"fusion-text fusion-text-1\"><h4 data-fontsize=\"18\" data-lineheight=\"15\">[4\u00ba. AN\u00daNCIO] <span style=\"color: #ff0000;\">ENCERRADO<\/span><\/h4>\n<p><a href=\"http:\/\/dueceira.pt\/wp-content\/uploads\/2016\/10\/10212-1.jpg\" rel=\"attachment wp-att-12753\"><img decoding=\"async\" class=\"alignnone wp-image-12753\" src=\"http:\/\/dueceira.pt\/wp-content\/uploads\/2016\/10\/10212-1-1024x95.jpg\" alt=\"10212-1\" width=\"896\" height=\"83\" srcset=\"https:\/\/dueceira.pt\/wp-content\/uploads\/2016\/10\/10212-1-300x28.jpg 300w, https:\/\/dueceira.pt\/wp-content\/uploads\/2016\/10\/10212-1-768x71.jpg 768w, https:\/\/dueceira.pt\/wp-content\/uploads\/2016\/10\/10212-1-1024x95.jpg 1024w, https:\/\/dueceira.pt\/wp-content\/uploads\/2016\/10\/10212-1.jpg 1648w\" sizes=\"(max-width: 896px) 100vw, 896px\" \/><\/a><\/p>\n<h2 data-fontsize=\"18\" data-lineheight=\"15\"><strong>Diversifica\u00e7\u00e3o de Actividades na Explora\u00e7\u00e3o Agr\u00edcola\u00a0<\/strong><\/h2>\n<hr \/>\n<p>&nbsp;<\/p>\n<ul>\n<li>\n<h4><span style=\"color: #705c5c;\"><a style=\"color: #705c5c;\" href=\"http:\/\/dueceira.pt\/wp-content\/uploads\/2016\/10\/Ficha-S\u00edntese-Diversifica\u00e7\u00e3o-Actividades.pdf\" target=\"_blank\" rel=\"noopener noreferrer\">Ficha-S\u00edntese da Opera\u00e7\u00e3o 10.213<\/a><\/span><\/h4>\n<\/li>\n<li>\n<h4><span style=\"color: #705c5c;\"><a style=\"color: #705c5c;\" href=\"http:\/\/dueceira.pt\/wp-content\/uploads\/2017\/12\/An\u00fancio-Abertura-N.\u00ba-2-DUECEIRA-10213-2017.pdf\" target=\"_blank\" rel=\"noopener noreferrer\">An\u00fancio de Abertura de Per\u00edodo de Apresenta\u00e7\u00e3o de Candidaturas<\/a><\/span>\u00a0<span style=\"color: #ff0000;\">[de 06 de Novembro a 31 de Dezembro de 2019]<\/span><\/h4>\n<\/li>\n<li>\n<h4><span style=\"color: #705c5c;\"><a style=\"color: #705c5c;\" href=\"http:\/\/dueceira.pt\/wp-content\/uploads\/2016\/06\/0-Portaria-152_2016.pdf\" target=\"_blank\" rel=\"noopener noreferrer\">Portaria Regulamentar 152\/2016 de 25 de Maio<\/a>\u00a0 e Portarias seguintes\u00a0<a style=\"color: #705c5c;\" href=\"http:\/\/dueceira.pt\/wp-content\/uploads\/2016\/02\/Portaria249_2016-actualiza%C3%A7%C3%A3o-%C3%A0-152.pdf\" target=\"_blank\" rel=\"noopener noreferrer\">249\/2016<\/a>\u00a0|\u00a0<a style=\"color: #705c5c;\" href=\"http:\/\/dueceira.pt\/wp-content\/uploads\/2016\/02\/Portaria-238.2017-de-28.Julho_.pdf\" target=\"_blank\" rel=\"noopener noreferrer\">238\/2017<\/a>\u00a0|\u00a0<a style=\"color: #705c5c;\" href=\"http:\/\/dueceira.pt\/wp-content\/uploads\/2019\/10\/Portaria_338_2019.pdf\" target=\"_blank\" rel=\"noopener noreferrer\">338\/2019<\/a>\u00a0com altera\u00e7\u00f5es\u00a0<a style=\"color: #705c5c;\" href=\"http:\/\/dueceira.pt\/?page_id=11958\" target=\"_blank\" rel=\"noopener noreferrer\">[Confrontar Legisla\u00e7\u00e3o Relevante]<\/a><\/span><\/h4>\n<\/li>\n<li>\n<h4><span style=\"color: #705c5c;\"><a style=\"color: #705c5c;\" href=\"http:\/\/dueceira.pt\/wp-content\/uploads\/2018\/01\/OTE-29-Vers\u00e3o-2-07.2017.pdf\" target=\"_blank\" rel=\"noopener noreferrer\">OTE- Orienta\u00e7\u00e3o T\u00e9cnica Espec\u00edfica 29\/2016 &#8211; Vers\u00e3o 2 de05\/2017<\/a><\/span><\/h4>\n<\/li>\n<li>\n<h4><span style=\"color: #705c5c;\"><a style=\"color: #705c5c;\" href=\"http:\/\/dueceira.pt\/wp-content\/uploads\/2017\/12\/Mem\u00f3ria-Descritiva-Aviso-10.213.pdf\" target=\"_blank\" rel=\"noopener noreferrer\">Modelo de Mem\u00f3ria Descritiva<\/a><\/span><\/h4>\n<\/li>\n<li>\n<h4><span style=\"color: #705c5c;\"><a style=\"color: #705c5c;\" href=\"http:\/\/dueceira.pt?page_id=12102\" target=\"_blank\" rel=\"noopener noreferrer\">Gui\u00e3o de Apoio DLBC2020 [Fichas e Manuais de Apoio]<\/a><\/span><\/h4>\n<\/li>\n<li>\n<h4><span style=\"color: #705c5c;\"><a style=\"color: #705c5c;\" href=\"https:\/\/balcao.pdr-2020.pt\/balcao\/inicio\/auth\/login\" target=\"_blank\" rel=\"noopener noreferrer\">Balc\u00e3o do Benefici\u00e1rio PDR2020<\/a><\/span><\/h4>\n<\/li>\n<\/ul>\n<p><a href=\"http:\/\/dueceira.pt\/wp-content\/uploads\/2016\/10\/2.jpg\" rel=\"attachment wp-att-12757\"><img decoding=\"async\" class=\"alignnone wp-image-12757\" src=\"http:\/\/dueceira.pt\/wp-content\/uploads\/2016\/10\/2-1024x95.jpg\" alt=\"2\" width=\"897\" height=\"83\" srcset=\"https:\/\/dueceira.pt\/wp-content\/uploads\/2016\/10\/2-300x28.jpg 300w, https:\/\/dueceira.pt\/wp-content\/uploads\/2016\/10\/2-768x71.jpg 768w, https:\/\/dueceira.pt\/wp-content\/uploads\/2016\/10\/2-1024x95.jpg 1024w, https:\/\/dueceira.pt\/wp-content\/uploads\/2016\/10\/2.jpg 1054w\" sizes=\"(max-width: 897px) 100vw, 897px\" \/><\/a><\/p>\n<\/div><div class=\"fusion-clearfix\"><\/div><\/div><\/div><\/div><\/div>\n","protected":false},"excerpt":{"rendered":"","protected":false},"author":3,"featured_media":0,"parent":0,"menu_order":0,"comment_status":"closed","ping_status":"closed","template":"","meta":{"footnotes":""},"class_list":["post-12737","page","type-page","status-publish","hentry"],"jetpack_sharing_enabled":true,"_links":{"self":[{"href":"https:\/\/dueceira.pt\/index.php?rest_route=\/wp\/v2\/pages\/12737","targetHints":{"allow":["GET"]}}],"collection":[{"href":"https:\/\/dueceira.pt\/index.php?rest_route=\/wp\/v2\/pages"}],"about":[{"href":"https:\/\/dueceira.pt\/index.php?rest_route=\/wp\/v2\/types\/page"}],"author":[{"embeddable":true,"href":"https:\/\/dueceira.pt\/index.php?rest_route=\/wp\/v2\/users\/3"}],"replies":[{"embeddable":true,"href":"https:\/\/dueceira.pt\/index.php?rest_route=%2Fwp%2Fv2%2Fcomments&post=12737"}],"version-history":[{"count":28,"href":"https:\/\/dueceira.pt\/index.php?rest_route=\/wp\/v2\/pages\/12737\/revisions"}],"predecessor-version":[{"id":15151,"href":"https:\/\/dueceira.pt\/index.php?rest_route=\/wp\/v2\/pages\/12737\/revisions\/15151"}],"wp:attachment":[{"href":"https:\/\/dueceira.pt\/index.php?rest_route=%2Fwp%2Fv2%2Fmedia&parent=12737"}],"curies":[{"name":"wp","href":"https:\/\/api.w.org\/{rel}","templated":true}]}}