{"id":12926,"date":"2017-05-04T13:49:58","date_gmt":"2017-05-04T13:49:58","guid":{"rendered":"http:\/\/dueceira.pt\/new\/?page_id=12926"},"modified":"2019-04-01T14:45:58","modified_gmt":"2019-04-01T14:45:58","slug":"aviso-si2e-sistema-incentivos-empreendedorismo-e-emprego","status":"publish","type":"page","link":"https:\/\/dueceira.pt\/?page_id=12926","title":{"rendered":"Aviso SI2E  Empreendedorismo e Emprego"},"content":{"rendered":"<div class=\"fusion-fullwidth fullwidth-box fusion-builder-row-1 hundred-percent-fullwidth non-hundred-percent-height-scrolling\" style=\"--awb-border-radius-top-left:0px;--awb-border-radius-top-right:0px;--awb-border-radius-bottom-right:0px;--awb-border-radius-bottom-left:0px;--awb-overflow:visible;--awb-flex-wrap:wrap;\" ><div class=\"fusion-builder-row fusion-row\"><div class=\"fusion-layout-column fusion_builder_column fusion-builder-column-0 fusion_builder_column_3_4 3_4 fusion-three-fourth fusion-column-first\" style=\"--awb-bg-size:cover;width:74%; margin-right: 4%;\"><div class=\"fusion-column-wrapper fusion-flex-column-wrapper-legacy\"><div class=\"fusion-text fusion-text-1\"><p><a href=\"http:\/\/dueceira.pt\/wp-content\/uploads\/2017\/05\/layout-pwp2.png\" rel=\"attachment wp-att-12946\"><img decoding=\"async\" class=\"alignnone wp-image-12946\" src=\"http:\/\/dueceira.pt\/wp-content\/uploads\/2017\/05\/layout-pwp2-1024x309.png\" alt=\"layout pwp2\" width=\"348\" height=\"105\" srcset=\"https:\/\/dueceira.pt\/wp-content\/uploads\/2017\/05\/layout-pwp2-300x91.png 300w, https:\/\/dueceira.pt\/wp-content\/uploads\/2017\/05\/layout-pwp2-768x232.png 768w, https:\/\/dueceira.pt\/wp-content\/uploads\/2017\/05\/layout-pwp2-1024x309.png 1024w, https:\/\/dueceira.pt\/wp-content\/uploads\/2017\/05\/layout-pwp2.png 2000w\" sizes=\"(max-width: 348px) 100vw, 348px\" \/><\/a><\/p>\n<h4 data-fontsize=\"16\" data-lineheight=\"20\"><strong>AVISO N\u00ba. CENTRO-M8-2017-14 \u00a0\u00a0<\/strong><span style=\"color: #003300;\"><span style=\"color: #ff0000;\">ENCERRADO<\/span>\u00a0<\/span><\/h4>\n<h4 data-fontsize=\"16\" data-lineheight=\"20\"><span style=\"color: #003300;\">[de 04.Maio.2017 a 29.Dezembro.2017]<\/span><\/h4>\n<hr \/>\n<ul>\n<li>\n<h4><a href=\"http:\/\/dueceira.pt\/wp-content\/uploads\/2017\/05\/Resumo-de-Apresenta\u00e7\u00e3o-Sess\u00f5es-de-Esclarecimento.pdf\" target=\"_blank\" rel=\"noopener noreferrer\">GUIA BREVE<\/a><\/h4>\n<p><span style=\"color: #003300;\">[Resumo da Apresenta\u00e7\u00e3o &#8211; Sess\u00f5es de Esclarecimento]<\/span><\/li>\n<li>\n<h4>\u00a0Fases de Candidatura<\/h4>\n<blockquote style=\"margin: 0 0 0 40px; border: none; padding: 0px;\">\n<p>&gt; 31 de Julho de 2017 &#8211; 18:00<br \/>\n&gt; 16 de Outubro de 2017 &#8211; 18:00<br \/>\n&gt; 29 de Dezembro de 2017 &#8211; 18:00<\/p>\n<\/blockquote>\n<\/li>\n<li>\n<h4 data-fontsize=\"16\" data-lineheight=\"20\"><a href=\"http:\/\/dueceira.pt\/wp-content\/uploads\/2017\/05\/SI2E-GAL-DUECEIRA-1.pdf\" target=\"_blank\" rel=\"noopener noreferrer\">Aviso de Concurso<\/a>\u00a0 <span style=\"color: #003300;\">N\u00ba. CENTRO-M18-2017-<strong>14<\/strong><\/span><\/h4>\n<h4 data-fontsize=\"16\" data-lineheight=\"20\"><a href=\"http:\/\/dueceira.pt\/wp-content\/uploads\/2017\/05\/AVISO-GAL-DUECEIRA-ALTERA\u00c7\u00c3O.pdf\" target=\"_blank\" rel=\"noopener noreferrer\">Altera\u00e7\u00e3o ao Aviso de Concurso &#8211; Ponto 9.1\u00a0<\/a>\u00a0<span style=\"color: #008000;\"> ATEN\u00c7\u00c3O &#8211; Vers\u00e3o Actualizada<\/span><\/h4>\n<\/li>\n<li>\n<h4 data-fontsize=\"16\" data-lineheight=\"20\">Anexos ao Aviso de Concurso<\/h4>\n<ul>\n<li><a href=\"http:\/\/dueceira.pt\/wp-content\/uploads\/2017\/05\/ALTERA\u00c7\u00c3O-Anexo-A-GAL-DUECEIRA.pdf\" target=\"_blank\" rel=\"noopener noreferrer\">Anexo A &#8211; Estrat\u00e9gia Territorial GAL &#8211; DLBC Dueceira2020<\/a> <span style=\"color: #008000;\">ATEN\u00c7\u00c3O &#8211; Vers\u00e3o Actualizada<\/span><\/li>\n<li><a href=\"http:\/\/dueceira.pt\/wp-content\/uploads\/2017\/05\/Anexo-B1-Enquadramento-EREI.pdf\" target=\"_blank\" rel=\"noopener noreferrer\">Anexo B1 &#8211; Enquadramento EREI &#8211;\u00a0Estrat\u00e9gia Regional de Especializa\u00e7\u00e3oInteligente (EREI-RIS3)<\/a><\/li>\n<li><a href=\"http:\/\/dueceira.pt\/wp-content\/uploads\/2017\/05\/Anexo-C-Referencial-de-M\u00e9rito.pdf\" target=\"_blank\" rel=\"noopener noreferrer\">Anexo C &#8211; Referencial de M\u00e9rito<\/a><\/li>\n<li><a href=\"http:\/\/dueceira.pt\/wp-content\/uploads\/2017\/05\/Anexo-D-rectificado.pdf\" target=\"_blank\" rel=\"noopener noreferrer\">Anexo D &#8211; Documentos apresentar na candidatura<\/a>\u00a0<span style=\"color: #008000;\">ATEN\u00c7\u00c3O &#8211; Vers\u00e3o Actualizada<\/span>\n<ul>\n<li><a href=\"http:\/\/dueceira.pt\/wp-content\/uploads\/2017\/05\/Check-List-_Regras-Ambientais_OT_Licenciamento_v.1.pdf\" target=\"_blank\" rel=\"noopener noreferrer\">Check List de Verifica\u00e7\u00e3o do cumprimento da Legisla\u00e7\u00e3o Ambiental, Ordenamento do Territ\u00f3rio e Licenciamentos<\/a><\/li>\n<li><a href=\"http:\/\/dueceira.pt\/wp-content\/uploads\/2017\/05\/Anexo-37-Check-list_Igualdade-de-Oportunidades-e-da-n\u00e3o-descrimina\u00e7\u00e3o_VF-CENTRO-v.1.pdf\" target=\"_blank\" rel=\"noopener noreferrer\">Check List de Avalia\u00e7\u00e3o da integra\u00e7\u00e3o da perspectiva da Igualdade entre Homens e Mulheres e Igualdade de Oportunidades e da n\u00e3o Descrimina\u00e7\u00e3o<\/a><\/li>\n<\/ul>\n<\/li>\n<li><a href=\"http:\/\/dueceira.pt\/wp-content\/uploads\/2017\/05\/Anexo-E-Genero-Subrepresentado_REPUBLICACAO_M8_14.pdf\" target=\"_blank\" rel=\"noopener noreferrer\">Anexo E &#8211; G\u00e9nero sub representado<\/a><\/li>\n<li><a href=\"http:\/\/dueceira.pt\/wp-content\/uploads\/2017\/05\/Orcamento-DR-Balanco-SI2E.xls\" target=\"_blank\" rel=\"noopener noreferrer\">Anexo F &#8211; Or\u00e7amento &#8211; Demonstra\u00e7\u00e3o de Resultados &#8211; Balan\u00e7o<\/a><\/li>\n<\/ul>\n<\/li>\n<li>\n<h4 data-fontsize=\"16\" data-lineheight=\"20\"><a href=\"http:\/\/dueceira.pt\/wp-content\/uploads\/2017\/04\/Portaria-105_2017-de-10-de-mar\u00e7o_Regulamento-SI2E.pdf\" target=\"_blank\" rel=\"noopener noreferrer\">Portaria Regulamentar\u00a0105\/2017 de 10 de Mar\u00e7o<\/a><\/h4>\n<\/li>\n<li>\n<h4 data-fontsize=\"16\" data-lineheight=\"20\"><a href=\"http:\/\/dueceira.pt\/wp-content\/uploads\/2017\/05\/OT_12_SI2E-VF.pdf\" target=\"_blank\" rel=\"noopener noreferrer\">OT &#8211; Orienta\u00e7\u00e3o T\u00e9cnica N\u00ba. 12\/2017\u00a0<\/a><\/h4>\n<\/li>\n<li>\n<h4 data-fontsize=\"16\" data-lineheight=\"20\"><a href=\"http:\/\/dueceira.pt\/wp-content\/uploads\/2017\/05\/Gui\u00e3o_Candidaturas_MultiFundo_AG_v1.4-1.pdf\" target=\"_blank\" rel=\"noopener noreferrer\">Gui\u00e3o de Candidaturas Multi-Fundo SI2E<\/a><\/h4>\n<\/li>\n<li>\n<h4><a href=\"http:\/\/dueceira.pt\/wp-content\/uploads\/2017\/05\/Gui\u00e3o_Candidaturas_MultiFundo_AG_v1.4-1.pdf\" target=\"_blank\" rel=\"noopener noreferrer\">Certifica\u00e7\u00e3o de Micro e Pequenas Empresas<\/a><\/h4>\n<\/li>\n<li>\n<h4 data-fontsize=\"16\" data-lineheight=\"20\">Balc\u00e3o Portugal2020<\/h4>\n<ul>\n<li>\n<h5><a href=\"https:\/\/balcao.portugal2020.pt\/Balcao2020.idp\/RequestLoginAndPassword.aspx\" target=\"_blank\" rel=\"noopener noreferrer\">Acesso ao Balc\u00e3o<\/a><\/h5>\n<\/li>\n<li>\n<h5><a href=\"https:\/\/balcao.portugal2020.pt\/Balcao2020\/Content\/videos\/Login_12_11_2014.htm\" target=\"_blank\" rel=\"noopener noreferrer\">Registo &#8211; V\u00eddeo exemplificativo<\/a><\/h5>\n<\/li>\n<li>\n<h5><a href=\"https:\/\/www.portugal2020.pt\/Portal2020\/FAQs-Tema4#2\" target=\"_blank\" rel=\"noopener noreferrer\">FAQ &#8211; Quest\u00f5es mais frequentes<\/a><\/h5>\n<\/li>\n<\/ul>\n<\/li>\n<\/ul>\n<\/div><div class=\"fusion-clearfix\"><\/div><\/div><\/div><\/div><\/div>\n","protected":false},"excerpt":{"rendered":"","protected":false},"author":3,"featured_media":0,"parent":0,"menu_order":0,"comment_status":"closed","ping_status":"closed","template":"","meta":{"footnotes":""},"class_list":["post-12926","page","type-page","status-publish","hentry"],"jetpack_sharing_enabled":true,"_links":{"self":[{"href":"https:\/\/dueceira.pt\/index.php?rest_route=\/wp\/v2\/pages\/12926","targetHints":{"allow":["GET"]}}],"collection":[{"href":"https:\/\/dueceira.pt\/index.php?rest_route=\/wp\/v2\/pages"}],"about":[{"href":"https:\/\/dueceira.pt\/index.php?rest_route=\/wp\/v2\/types\/page"}],"author":[{"embeddable":true,"href":"https:\/\/dueceira.pt\/index.php?rest_route=\/wp\/v2\/users\/3"}],"replies":[{"embeddable":true,"href":"https:\/\/dueceira.pt\/index.php?rest_route=%2Fwp%2Fv2%2Fcomments&post=12926"}],"version-history":[{"count":34,"href":"https:\/\/dueceira.pt\/index.php?rest_route=\/wp\/v2\/pages\/12926\/revisions"}],"predecessor-version":[{"id":13583,"href":"https:\/\/dueceira.pt\/index.php?rest_route=\/wp\/v2\/pages\/12926\/revisions\/13583"}],"wp:attachment":[{"href":"https:\/\/dueceira.pt\/index.php?rest_route=%2Fwp%2Fv2%2Fmedia&parent=12926"}],"curies":[{"name":"wp","href":"https:\/\/api.w.org\/{rel}","templated":true}]}}