{"id":13341,"date":"2018-07-14T15:09:59","date_gmt":"2018-07-14T15:09:59","guid":{"rendered":"http:\/\/dueceira.pt\/new\/?page_id=13341"},"modified":"2018-08-10T14:28:23","modified_gmt":"2018-08-10T14:28:23","slug":"anuncio-de-abertura-operacao-10-215","status":"publish","type":"page","link":"https:\/\/dueceira.pt\/?page_id=13341","title":{"rendered":"An\u00fancio de Abertura \u2013 Opera\u00e7\u00e3o 10.215"},"content":{"rendered":"<h4 data-fontsize=\"16\" data-lineheight=\"20\"><strong>Opera\u00e7\u00e3o 10.215 \u2013 Promo\u00e7\u00e3o de Produtos de Qualidade Locais\u00a0<\/strong>[2\u00ba. AN\u00daNCIO]\u00a0<span style=\"color: #008000;\">CONCURSO A\u00a0DECORRER<\/span><\/h4>\n<ul>\n<li>\n<h4 data-fontsize=\"16\" data-lineheight=\"20\"><a href=\"http:\/\/dueceira.pt\/wp-content\/uploads\/2018\/07\/An\u00fancio-Opera\u00e7\u00e3o-10.215-1\u00ba.-Aviso.pdf\" target=\"_blank\" rel=\"noopener\">An\u00fancio de Abertura de Per\u00edodo de Apresenta\u00e7\u00e3o de Candidaturas<\/a><\/h4>\n<h4 data-fontsize=\"16\" data-lineheight=\"20\">[de 18 de Junho <span style=\"color: #008000;\">a 14 de Setembro de 2018<\/span>]<\/h4>\n<\/li>\n<li>\n<h4 data-fontsize=\"16\" data-lineheight=\"20\"><a href=\"http:\/\/dueceira.pt\/wp-content\/uploads\/2016\/06\/0-Portaria-152_2016.pdf\" target=\"_blank\" rel=\"noopener noreferrer\">Portaria Regulamentar 152\/2016 de 25 de Maio<\/a><\/h4>\n<\/li>\n<li>\n<h4 data-fontsize=\"16\" data-lineheight=\"20\"><a href=\"http:\/\/dueceira.pt\/wp-content\/uploads\/2018\/08\/Portaria_214_2018-4%C2%AA-altera%C3%A7%C3%A3o-Portaria-152.2016.pdf\" target=\"_blank\" rel=\"noopener\">Portaria Regulamentar 214\/2018 de 18 de Julho (4\u00aa. altera\u00e7\u00e3o \u00e0 Portaria Regulamentar com incid\u00eancia espec\u00edfica na Opera\u00e7\u00e3o 10.215)<\/a><\/h4>\n<\/li>\n<li>\n<h4 data-fontsize=\"16\" data-lineheight=\"20\"><a href=\"http:\/\/dueceira.pt\/wp-content\/uploads\/2018\/07\/OTE-48-Opera\u00e7\u00e3o-10.215.pdf\" target=\"_blank\" rel=\"noopener\">OTE- Orienta\u00e7\u00e3o T\u00e9cnica Espec\u00edfica 48\/2016<\/a><\/h4>\n<\/li>\n<li>\n<h4 data-fontsize=\"16\" data-lineheight=\"20\"><a href=\"http:\/\/dueceira.pt\/wp-content\/uploads\/2018\/07\/PLANO-DE-AC\u00c7\u00c3O-10.215-Dueceira.pdf\" target=\"_blank\" rel=\"noopener\">Plano de Ac\u00e7\u00e3o<\/a><\/h4>\n<\/li>\n<li>\n<h4 data-fontsize=\"16\" data-lineheight=\"20\"><a href=\"http:\/\/dueceira.pt?page_id=12102\" target=\"_blank\" rel=\"noopener noreferrer\">Gui\u00e3o de Apoio DLBC2020 [Fichas e Manuais de Apoio]<\/a><\/h4>\n<\/li>\n<li>\n<h4 data-fontsize=\"16\" data-lineheight=\"20\"><a href=\"https:\/\/balcao.pdr-2020.pt\/balcao\/inicio\/auth\/login\" target=\"_blank\" rel=\"noopener noreferrer\">Balc\u00e3o do Benefici\u00e1rio PDR2020<\/a><\/h4>\n<\/li>\n<\/ul>\n","protected":false},"excerpt":{"rendered":"<p>Opera\u00e7\u00e3o 10.215 \u2013 Promo\u00e7\u00e3o de Produtos de Qualidade Locais\u00a0[2\u00ba. AN\u00daNCIO]\u00a0CONCURSO A\u00a0DECORRER An\u00fancio de Abertura de Per\u00edodo de Apresenta\u00e7\u00e3o de Candidaturas [de 18 de Junho a 14 de Setembro de 2018] Portaria Regulamentar 152\/2016 de 25 de Maio Portaria Regulamentar 214\/2018 de 18 de Julho (4\u00aa. altera\u00e7\u00e3o \u00e0 Portaria Regulamentar com incid\u00eancia espec\u00edfica na Opera\u00e7\u00e3o 10.215)  [&#8230;]<\/p>\n","protected":false},"author":3,"featured_media":0,"parent":0,"menu_order":0,"comment_status":"closed","ping_status":"closed","template":"","meta":{"footnotes":""},"class_list":["post-13341","page","type-page","status-publish","hentry"],"jetpack_sharing_enabled":true,"_links":{"self":[{"href":"https:\/\/dueceira.pt\/index.php?rest_route=\/wp\/v2\/pages\/13341","targetHints":{"allow":["GET"]}}],"collection":[{"href":"https:\/\/dueceira.pt\/index.php?rest_route=\/wp\/v2\/pages"}],"about":[{"href":"https:\/\/dueceira.pt\/index.php?rest_route=\/wp\/v2\/types\/page"}],"author":[{"embeddable":true,"href":"https:\/\/dueceira.pt\/index.php?rest_route=\/wp\/v2\/users\/3"}],"replies":[{"embeddable":true,"href":"https:\/\/dueceira.pt\/index.php?rest_route=%2Fwp%2Fv2%2Fcomments&post=13341"}],"version-history":[{"count":5,"href":"https:\/\/dueceira.pt\/index.php?rest_route=\/wp\/v2\/pages\/13341\/revisions"}],"predecessor-version":[{"id":13369,"href":"https:\/\/dueceira.pt\/index.php?rest_route=\/wp\/v2\/pages\/13341\/revisions\/13369"}],"wp:attachment":[{"href":"https:\/\/dueceira.pt\/index.php?rest_route=%2Fwp%2Fv2%2Fmedia&parent=13341"}],"curies":[{"name":"wp","href":"https:\/\/api.w.org\/{rel}","templated":true}]}}