{"id":13847,"date":"2020-12-02T12:36:22","date_gmt":"2020-12-02T12:36:22","guid":{"rendered":"http:\/\/dueceira.pt\/?page_id=13847"},"modified":"2020-12-03T16:38:42","modified_gmt":"2020-12-03T16:38:42","slug":"corona-virus-covid-19","status":"publish","type":"page","link":"https:\/\/dueceira.pt\/?page_id=13847","title":{"rendered":"Corona Vir\u00fas \/ COVID 19"},"content":{"rendered":"<h2 class=\"entry-title fusion-post-title\">Plano de Conting\u00eancia\/Emerg\u00eancia para o Edif\u00edcio e Servi\u00e7os da Dueceira<\/h2>\n<div class=\"post-content\">\n<h4>Na<a href=\"http:\/\/dueceira.pt\/wp-content\/uploads\/2020\/03\/m_home_banner_covid19.png\"><img decoding=\"async\" class=\"wp-image-13842 alignleft\" src=\"http:\/\/dueceira.pt\/wp-content\/uploads\/2020\/03\/m_home_banner_covid19-300x267.png\" alt=\"\" width=\"187\" height=\"167\" srcset=\"https:\/\/dueceira.pt\/wp-content\/uploads\/2020\/03\/m_home_banner_covid19-200x178.png 200w, https:\/\/dueceira.pt\/wp-content\/uploads\/2020\/03\/m_home_banner_covid19-300x267.png 300w, https:\/\/dueceira.pt\/wp-content\/uploads\/2020\/03\/m_home_banner_covid19-400x356.png 400w, https:\/\/dueceira.pt\/wp-content\/uploads\/2020\/03\/m_home_banner_covid19-600x533.png 600w, https:\/\/dueceira.pt\/wp-content\/uploads\/2020\/03\/m_home_banner_covid19.png 720w\" sizes=\"(max-width: 187px) 100vw, 187px\" \/><\/a> sequ\u00eancia da activa\u00e7\u00e3o pela Dueceira do Plano de Conting\u00eancia\/Emerg\u00eancia para preven\u00e7\u00e3o do Corona Vir\u00fas \/ Covid 19 foram decretadas medidas excepcionais, nomeadamente o Acesso restrito ao Edif\u00edcio da Dueceira. Qualquer reuni\u00e3o presencial ter\u00e1 car\u00e1cter excepcional e dever\u00e1 ser previamente marcada.<\/h4>\n<h4>Todos os contactos ser\u00e3o preferencialmente atrav\u00e9s de via electr\u00f3nica, nomeadamente os que se prendem com esclarecimentos relativos a Concursos ou execu\u00e7\u00e3o de projectos. A Equipa T\u00e9cnica encontra-se em Teletrabalho durante todo o per\u00edodo definido pelas Autoridades Sanit\u00e1rias<\/h4>\n<h3><strong>E: dueceira@sapo.pt<\/strong><\/h3>\n<hr \/>\n<h4>MAIS INFORMA\u00c7\u00c3O:<\/h4>\n<ul>\n<li>\n<h4><a href=\"http:\/\/dueceira.pt\/wp-content\/uploads\/2020\/03\/Plano-Conting\u00eancia-Edif\u00edcio-DUECEIRA.pdf\" target=\"_blank\" rel=\"noopener noreferrer\">Plano de Conting\u00eancia (em pdf)<\/a><\/h4>\n<\/li>\n<li>\n<h4><a href=\"https:\/\/covid19.min-saude.pt\/\" target=\"_blank\" rel=\"noopener noreferrer\">Link da DGS &#8211; Direc\u00e7\u00e3o Geral de Sa\u00fade<\/a><\/h4>\n<\/li>\n<li>\n<h4><a href=\"http:\/\/dueceira.pt\/wp-content\/uploads\/2020\/03\/Orienta\u00e7\u00e3o-6_2020-Infe\u00e7\u00e3o-por-SARS-CoV-2-COVID-19.pdf\" target=\"_blank\" rel=\"noopener noreferrer\">Orienta\u00e7\u00e3o 6\/2020 da DGS &#8211; Infec\u00e7\u00e3o por SARS-CoV-2 (COVID-19)<\/a><\/h4>\n<\/li>\n<li>\n<h4><a href=\"http:\/\/dueceira.pt\/wp-content\/uploads\/2020\/03\/Folheto-ARSC.pdf\" target=\"_blank\" rel=\"noopener noreferrer\">Folheto da ARSC &#8211; Administra\u00e7\u00e3o Regional de Sa\u00fade do Centro &#8211; Perguntas Frequentes<\/a><\/h4>\n<\/li>\n<li>\n<h4><a href=\"http:\/\/dueceira.pt\/wp-content\/uploads\/2020\/03\/Fluxograma_Atuac\u0327a\u0303o_perante_caso_suspeito_de_infec\u0327a\u0303o_-por_2019-nCoV.pdf\" target=\"_blank\" rel=\"noopener noreferrer\">Fluxograma de Actuac\u0327a\u0303o perante caso suspeito de infecc\u0327a\u0303o\u00a0 por 2019-nCoV<\/a><\/h4>\n<\/li>\n<li>\n<h4><a href=\"http:\/\/dueceira.pt\/wp-content\/uploads\/2020\/03\/Recomenda\u00e7\u00f5es-gerais.pdf\" target=\"_blank\" rel=\"noopener noreferrer\">Recomenda\u00e7\u00f5es<\/a><\/h4>\n<\/li>\n<\/ul>\n<p>&nbsp;<\/p>\n<\/div>\n","protected":false},"excerpt":{"rendered":"<p>Plano de Conting\u00eancia\/Emerg\u00eancia para o Edif\u00edcio e Servi\u00e7os da Dueceira Na sequ\u00eancia da activa\u00e7\u00e3o pela Dueceira do Plano de Conting\u00eancia\/Emerg\u00eancia para preven\u00e7\u00e3o do Corona Vir\u00fas \/ Covid 19 foram decretadas medidas excepcionais, nomeadamente o Acesso restrito ao Edif\u00edcio da Dueceira. Qualquer reuni\u00e3o presencial ter\u00e1 car\u00e1cter excepcional e dever\u00e1 ser previamente marcada. Todos os contactos ser\u00e3o  [&#8230;]<\/p>\n","protected":false},"author":3,"featured_media":0,"parent":0,"menu_order":0,"comment_status":"closed","ping_status":"closed","template":"","meta":{"footnotes":""},"class_list":["post-13847","page","type-page","status-publish","hentry"],"jetpack_sharing_enabled":true,"_links":{"self":[{"href":"https:\/\/dueceira.pt\/index.php?rest_route=\/wp\/v2\/pages\/13847","targetHints":{"allow":["GET"]}}],"collection":[{"href":"https:\/\/dueceira.pt\/index.php?rest_route=\/wp\/v2\/pages"}],"about":[{"href":"https:\/\/dueceira.pt\/index.php?rest_route=\/wp\/v2\/types\/page"}],"author":[{"embeddable":true,"href":"https:\/\/dueceira.pt\/index.php?rest_route=\/wp\/v2\/users\/3"}],"replies":[{"embeddable":true,"href":"https:\/\/dueceira.pt\/index.php?rest_route=%2Fwp%2Fv2%2Fcomments&post=13847"}],"version-history":[{"count":4,"href":"https:\/\/dueceira.pt\/index.php?rest_route=\/wp\/v2\/pages\/13847\/revisions"}],"predecessor-version":[{"id":14247,"href":"https:\/\/dueceira.pt\/index.php?rest_route=\/wp\/v2\/pages\/13847\/revisions\/14247"}],"wp:attachment":[{"href":"https:\/\/dueceira.pt\/index.php?rest_route=%2Fwp%2Fv2%2Fmedia&parent=13847"}],"curies":[{"name":"wp","href":"https:\/\/api.w.org\/{rel}","templated":true}]}}