{"id":14305,"date":"2021-07-20T10:28:11","date_gmt":"2021-07-20T10:28:11","guid":{"rendered":"https:\/\/dueceira.pt\/?page_id=14305"},"modified":"2025-11-07T11:16:36","modified_gmt":"2025-11-07T11:16:36","slug":"monitorizacao-e-avaliacao","status":"publish","type":"page","link":"https:\/\/dueceira.pt\/?page_id=14305","title":{"rendered":"Monitoriza\u00e7\u00e3o e Avalia\u00e7\u00e3o PDR2020"},"content":{"rendered":"<h2><strong>Relat\u00f3rios Anuais de Execu\u00e7\u00e3o DLBC<\/strong><\/h2>\n<ul>\n<li>\n<h4><strong><a href=\"https:\/\/dueceira.pt\/wp-content\/uploads\/2021\/07\/Relatorio-PDR2020-2016-.pdf\" target=\"_blank\" rel=\"noopener\">2016<\/a><\/strong><\/h4>\n<\/li>\n<li>\n<h4><strong><a href=\"https:\/\/dueceira.pt\/wp-content\/uploads\/2021\/07\/Relatorio-2017-PDR-DUECEIRA-Versao-Completa-com-links-e-imagens-.pdf\" target=\"_blank\" rel=\"noopener\">2017<\/a><\/strong><\/h4>\n<\/li>\n<li>\n<h4><strong><a href=\"https:\/\/dueceira.pt\/wp-content\/uploads\/2021\/07\/Relatorio-2018-PDR-e-avaliacao-intercalar-DUECEIRA.pdf\" target=\"_blank\" rel=\"noopener\">2018<\/a><\/strong><\/h4>\n<\/li>\n<li>\n<h4><strong><a href=\"https:\/\/dueceira.pt\/wp-content\/uploads\/2021\/07\/Relatorio-2019-PDR-DUECEIRA-Comprimido.pdf\" target=\"_blank\" rel=\"noopener\">2019<\/a><\/strong><\/h4>\n<\/li>\n<li>\n<h4><strong><a href=\"https:\/\/dueceira.pt\/wp-content\/uploads\/2021\/07\/Relatorio-2020-PDR-DUECEIRA-Versao-Compacta.pdf\" target=\"_blank\" rel=\"noopener\">2020<\/a><\/strong><\/h4>\n<\/li>\n<li>\n<h4><a href=\"https:\/\/dueceira.pt\/wp-content\/uploads\/2022\/05\/Relatorio-2021-DLBC-Rural-DUECEIRA-versao-compactada.pdf\" target=\"_blank\" rel=\"noopener\">2021<\/a><\/h4>\n<\/li>\n<\/ul>\n<p>&nbsp;<\/p>\n<h2><strong>Monitoriza\u00e7\u00e3o e Avalia\u00e7\u00e3o Intercalar<\/strong><\/h2>\n<ul>\n<li>\n<h4><a href=\"https:\/\/dueceira.pt\/wp-content\/uploads\/2021\/07\/Relatorio-2018-PDR-e-avaliacao-intercalar-DUECEIRA.pdf\" target=\"_blank\" rel=\"noopener\">Relat\u00f3rio de Avalia\u00e7\u00e3o Intercalar 2018 [p\u00e1ginas 118\/177] &#8211; 04\/2019<\/a><\/h4>\n<\/li>\n<li>\n<h4><a href=\"https:\/\/dueceira.pt\/wp-content\/uploads\/2021\/07\/Avaliacao-Intercalar-GAL-Regiao-Centro-Pontos-7.1-e-7.2-Artigo-Ana-Souto.pdf\" target=\"_blank\" rel=\"noopener\">Extracto do Relat\u00f3rio de Execu\u00e7\u00e3o e Avalia\u00e7\u00e3o Intercalar 2018 &#8211; Vis\u00e3o Colaborativa sobre a Regi\u00e3o Centro- 04\/2019 (Artigo elaborado por AS\/Dueceira)<\/a><\/h4>\n<\/li>\n<li>\n<h4><a href=\"https:\/\/dueceira.pt\/wp-content\/uploads\/2021\/07\/Avaliacao-Intercalar-Dueceira-Metodologia-de-Trabalho.pdf\" target=\"_blank\" rel=\"noopener\">Avalia\u00e7\u00e3o Intercalar da Dueceira &#8211; Metodologia de Trabalho &#8211; 06\/2019<\/a><\/h4>\n<\/li>\n<li>\n<h4><a href=\"https:\/\/dueceira.pt\/wp-content\/uploads\/2021\/07\/Questionario-Avaliacao-Parceria-e-Estrategia-DUECEIRA.pdf\" target=\"_blank\" rel=\"noopener\">Question\u00e1rio: Avalia\u00e7\u00e3o da Parceria e Estrat\u00e9gia da Dueceira\u00a0<\/a><\/h4>\n<\/li>\n<li>\n<h4><a href=\"https:\/\/dueceira.pt\/wp-content\/uploads\/2021\/07\/DUECEIRA_Estudo-Externo-Monitorizacao-e-Avaliacao-12.2020.pdf\" target=\"_blank\" rel=\"noopener\">Estudo\/Parecer Externo de Monitoriza\u00e7\u00e3o e Avalia\u00e7\u00e3o da Dueceira e EDL (Consultora: SPI) &#8211; 12\/2020<\/a><\/h4>\n<\/li>\n<li>\n<h4><a href=\"https:\/\/dueceira.pt\/wp-content\/uploads\/2021\/07\/Apresentacao-Avaliacao-Assembleia-Geral-06.2021.pdf\" target=\"_blank\" rel=\"noopener\">S\u00edntese de Resultados da Avalia\u00e7\u00e3o Intercalar &#8211;\u00a0 Apresenta\u00e7\u00e3o na Assembleia Geral Dueceira 06\/2021<\/a><\/h4>\n<\/li>\n<\/ul>\n<p>&nbsp;<\/p>\n<p>&nbsp;<\/p>\n<h2><strong>Cumprimento de Metas<\/strong><\/h2>\n<ul>\n<li>\n<h4><a href=\"https:\/\/dueceira.pt\/wp-content\/uploads\/2016\/01\/29.pdf\" target=\"_blank\" rel=\"noopener\">Quadro de Objectivos Estrat\u00e9gicos, Espec\u00edficos e Operacionais<\/a><\/h4>\n<\/li>\n<li>\n<h4><a href=\"https:\/\/dueceira.pt\/wp-content\/uploads\/2016\/01\/33.pdf\" target=\"_blank\" rel=\"noopener\">Quadro de Indicadores de Desempenho e Metas<\/a><\/h4>\n<\/li>\n<li>\n<h4><strong>Execu\u00e7\u00e3o da EDL- Estrat\u00e9gia de Desenvolvimento Local da Dueceira<\/strong><\/h4>\n<\/li>\n<\/ul>\n<h4><strong>AG PDR2020 [Fundo: FEADER] <\/strong>[a partir de 01\/01\/2022 incluindo Valores do Regime de Transi\u00e7\u00e3o]<\/h4>\n<p><a href=\"https:\/\/dueceira.pt\/wp-content\/uploads\/2022\/05\/execucao-ate-31.12.2021.png\"><img decoding=\"async\" class=\"alignnone size-full wp-image-14549\" src=\"https:\/\/dueceira.pt\/wp-content\/uploads\/2022\/05\/execucao-ate-31.12.2021.png\" alt=\"\" width=\"802\" height=\"180\" srcset=\"https:\/\/dueceira.pt\/wp-content\/uploads\/2022\/05\/execucao-ate-31.12.2021-200x45.png 200w, https:\/\/dueceira.pt\/wp-content\/uploads\/2022\/05\/execucao-ate-31.12.2021-300x67.png 300w, https:\/\/dueceira.pt\/wp-content\/uploads\/2022\/05\/execucao-ate-31.12.2021-400x90.png 400w, https:\/\/dueceira.pt\/wp-content\/uploads\/2022\/05\/execucao-ate-31.12.2021-600x135.png 600w, https:\/\/dueceira.pt\/wp-content\/uploads\/2022\/05\/execucao-ate-31.12.2021-768x172.png 768w, https:\/\/dueceira.pt\/wp-content\/uploads\/2022\/05\/execucao-ate-31.12.2021-800x180.png 800w, https:\/\/dueceira.pt\/wp-content\/uploads\/2022\/05\/execucao-ate-31.12.2021.png 802w\" sizes=\"(max-width: 802px) 100vw, 802px\" \/><\/a><\/p>\n<h4><a href=\"https:\/\/dueceira.pt\/wp-content\/uploads\/2022\/05\/execucao-ate-31.01.2022-1.png\"><img decoding=\"async\" class=\"alignnone size-full wp-image-14551\" src=\"https:\/\/dueceira.pt\/wp-content\/uploads\/2022\/05\/execucao-ate-31.01.2022-1.png\" alt=\"\" width=\"1090\" height=\"180\" srcset=\"https:\/\/dueceira.pt\/wp-content\/uploads\/2022\/05\/execucao-ate-31.01.2022-1-200x33.png 200w, https:\/\/dueceira.pt\/wp-content\/uploads\/2022\/05\/execucao-ate-31.01.2022-1-300x50.png 300w, https:\/\/dueceira.pt\/wp-content\/uploads\/2022\/05\/execucao-ate-31.01.2022-1-400x66.png 400w, https:\/\/dueceira.pt\/wp-content\/uploads\/2022\/05\/execucao-ate-31.01.2022-1-600x99.png 600w, https:\/\/dueceira.pt\/wp-content\/uploads\/2022\/05\/execucao-ate-31.01.2022-1-768x127.png 768w, https:\/\/dueceira.pt\/wp-content\/uploads\/2022\/05\/execucao-ate-31.01.2022-1-800x132.png 800w, https:\/\/dueceira.pt\/wp-content\/uploads\/2022\/05\/execucao-ate-31.01.2022-1-1024x169.png 1024w, https:\/\/dueceira.pt\/wp-content\/uploads\/2022\/05\/execucao-ate-31.01.2022-1.png 1090w\" sizes=\"(max-width: 1090px) 100vw, 1090px\" \/><\/a><\/h4>\n<h4><strong>Monitoriza\u00e7\u00e3o Financeira &#8211; CENTRO2020 [Fundos: FEDER e FSE] (Dados a 31\/03\/2021)<\/strong><\/h4>\n<h4><a href=\"https:\/\/dueceira.pt\/wp-content\/uploads\/2022\/05\/execucao-Centro-2020-ate-31.12.2021.png\"><img decoding=\"async\" class=\"alignnone size-full wp-image-14553\" src=\"https:\/\/dueceira.pt\/wp-content\/uploads\/2022\/05\/execucao-Centro-2020-ate-31.12.2021.png\" alt=\"\" width=\"836\" height=\"595\" srcset=\"https:\/\/dueceira.pt\/wp-content\/uploads\/2022\/05\/execucao-Centro-2020-ate-31.12.2021-200x142.png 200w, https:\/\/dueceira.pt\/wp-content\/uploads\/2022\/05\/execucao-Centro-2020-ate-31.12.2021-300x214.png 300w, https:\/\/dueceira.pt\/wp-content\/uploads\/2022\/05\/execucao-Centro-2020-ate-31.12.2021-400x285.png 400w, https:\/\/dueceira.pt\/wp-content\/uploads\/2022\/05\/execucao-Centro-2020-ate-31.12.2021-600x427.png 600w, https:\/\/dueceira.pt\/wp-content\/uploads\/2022\/05\/execucao-Centro-2020-ate-31.12.2021-768x547.png 768w, https:\/\/dueceira.pt\/wp-content\/uploads\/2022\/05\/execucao-Centro-2020-ate-31.12.2021-800x569.png 800w, https:\/\/dueceira.pt\/wp-content\/uploads\/2022\/05\/execucao-Centro-2020-ate-31.12.2021.png 836w\" sizes=\"(max-width: 836px) 100vw, 836px\" \/><\/a><\/h4>\n<hr \/>\n<p>&nbsp;<\/p>\n","protected":false},"excerpt":{"rendered":"<p>Relat\u00f3rios Anuais de Execu\u00e7\u00e3o DLBC 2016 2017 2018 2019 2020 2021 &nbsp; Monitoriza\u00e7\u00e3o e Avalia\u00e7\u00e3o Intercalar Relat\u00f3rio de Avalia\u00e7\u00e3o Intercalar 2018 [p\u00e1ginas 118\/177] &#8211; 04\/2019 Extracto do Relat\u00f3rio de Execu\u00e7\u00e3o e Avalia\u00e7\u00e3o Intercalar 2018 &#8211; Vis\u00e3o Colaborativa sobre a Regi\u00e3o Centro- 04\/2019 (Artigo elaborado por AS\/Dueceira) Avalia\u00e7\u00e3o Intercalar da Dueceira &#8211; Metodologia de Trabalho &#8211;  [&#8230;]<\/p>\n","protected":false},"author":3,"featured_media":0,"parent":0,"menu_order":0,"comment_status":"closed","ping_status":"closed","template":"","meta":{"footnotes":""},"class_list":["post-14305","page","type-page","status-publish","hentry"],"jetpack_sharing_enabled":true,"_links":{"self":[{"href":"https:\/\/dueceira.pt\/index.php?rest_route=\/wp\/v2\/pages\/14305","targetHints":{"allow":["GET"]}}],"collection":[{"href":"https:\/\/dueceira.pt\/index.php?rest_route=\/wp\/v2\/pages"}],"about":[{"href":"https:\/\/dueceira.pt\/index.php?rest_route=\/wp\/v2\/types\/page"}],"author":[{"embeddable":true,"href":"https:\/\/dueceira.pt\/index.php?rest_route=\/wp\/v2\/users\/3"}],"replies":[{"embeddable":true,"href":"https:\/\/dueceira.pt\/index.php?rest_route=%2Fwp%2Fv2%2Fcomments&post=14305"}],"version-history":[{"count":21,"href":"https:\/\/dueceira.pt\/index.php?rest_route=\/wp\/v2\/pages\/14305\/revisions"}],"predecessor-version":[{"id":15355,"href":"https:\/\/dueceira.pt\/index.php?rest_route=\/wp\/v2\/pages\/14305\/revisions\/15355"}],"wp:attachment":[{"href":"https:\/\/dueceira.pt\/index.php?rest_route=%2Fwp%2Fv2%2Fmedia&parent=14305"}],"curies":[{"name":"wp","href":"https:\/\/api.w.org\/{rel}","templated":true}]}}