{"id":14662,"date":"2022-11-24T16:24:08","date_gmt":"2022-11-24T16:24:08","guid":{"rendered":"https:\/\/dueceira.pt\/?page_id=14662"},"modified":"2024-08-05T18:26:34","modified_gmt":"2024-08-05T18:26:34","slug":"investimento-da-diaspora","status":"publish","type":"page","link":"https:\/\/dueceira.pt\/?page_id=14662","title":{"rendered":"Di\u00e1spora"},"content":{"rendered":"<h4><strong>O Programa Nacional de Apoio ao investimento da Di\u00e1spora<\/strong> ( Resolu\u00e7\u00e3o Conselho de Ministros N\u00ba 64\/2020 de 18 de agosto) agrega um conjunto de iniciativas e programas de apoio, procurando facilitar o acesso a investidores da di\u00e1spora introduzindo majora\u00e7\u00f5es e dota\u00e7\u00f5es or\u00e7amentais espec\u00edficas para promotores detentores de \u201cEstatuto de Investidor da Di\u00e1spora\u201d<\/h4>\n<ul>\n<li><strong>OBJECTIVO:\u00a0<\/strong><\/li>\n<\/ul>\n<p>Valoriza\u00e7\u00e3o das comunidades portuguesas promovendo o investimento da di\u00e1spora, em especial no interior do pa\u00eds, bem como as exporta\u00e7\u00f5es e a internacionaliza\u00e7\u00e3o das empresas nacionais atrav\u00e9s da di\u00e1spora.<\/p>\n<ul>\n<li><strong>DESTINAT\u00c1RIOS: <\/strong><\/li>\n<\/ul>\n<p>-Emigrantes portugueses e lusodescendentes que queiram investir ou alargar a sua actividade econ\u00f3mica em Portugal<br \/>\n-Empresas nacionais que pretendam exportar ou internacionalizar os seus neg\u00f3cios atrav\u00e9s da Di\u00e1spora<\/p>\n<ul>\n<li><strong>MATERIAIS DISPON\u00cdVEIS:<\/strong><\/li>\n<\/ul>\n<p><a href=\"https:\/\/pnaid.mne.gov.pt\/images\/gaid-atualizacao_maio2021.pdf\" target=\"_blank\" rel=\"noopener\">GUIA DE APOIO AO INVESTIMENTO DA DI\u00c1SPORA<\/a><\/p>\n<p><a href=\"https:\/\/pnaid.mne.gov.pt\/images\/folhetopnaid2021_pt.pdf\" target=\"_blank\" rel=\"noopener\">FOLHETO DE DIVULGA\u00c7\u00c3O PNAID<\/a><\/p>\n<ul>\n<li><strong>ESTATUTO DE INVESTIDOR DA DI\u00c1SPORA <\/strong><\/li>\n<\/ul>\n<p>Requerimento on-line e de forma aut\u00f3noma em <a href=\"https:\/\/pnaid.mne.gov.pt\/pt\/pnaid-em-acao\/obter-o-estatuto-de-investidor-da-diaspora\">https:\/\/pnaid.mne.gov.pt\/pt\/pnaid-em-acao\/obter-o-estatuto-de-investidor-da-diaspora<\/a> .<\/p>\n<ul>\n<li><strong>MAIS INFORMA\u00c7\u00c3O<\/strong><\/li>\n<\/ul>\n<p><a href=\"https:\/\/pnaid.mne.gov.pt\">https:\/\/pnaid.mne.gov.pt<\/a><\/p>\n<p>&nbsp;<\/p>\n<p><span style=\"color: #993300;\"><strong>&gt;&gt;&gt;&gt;<\/strong> A DUECEIRA \u00e9 um Ponto Focal do PNAID no qual poder\u00e1 encontrar toda a informa\u00e7\u00e3o e apoio.\u00a0<\/span><\/p>\n","protected":false},"excerpt":{"rendered":"<p>O Programa Nacional de Apoio ao investimento da Di\u00e1spora ( Resolu\u00e7\u00e3o Conselho de Ministros N\u00ba 64\/2020 de 18 de agosto) agrega um conjunto de iniciativas e programas de apoio, procurando facilitar o acesso a investidores da di\u00e1spora introduzindo majora\u00e7\u00f5es e dota\u00e7\u00f5es or\u00e7amentais espec\u00edficas para promotores detentores de \u201cEstatuto de Investidor da Di\u00e1spora\u201d OBJECTIVO:\u00a0 Valoriza\u00e7\u00e3o das  [&#8230;]<\/p>\n","protected":false},"author":3,"featured_media":0,"parent":0,"menu_order":0,"comment_status":"closed","ping_status":"closed","template":"","meta":{"footnotes":""},"class_list":["post-14662","page","type-page","status-publish","hentry"],"jetpack_sharing_enabled":true,"_links":{"self":[{"href":"https:\/\/dueceira.pt\/index.php?rest_route=\/wp\/v2\/pages\/14662","targetHints":{"allow":["GET"]}}],"collection":[{"href":"https:\/\/dueceira.pt\/index.php?rest_route=\/wp\/v2\/pages"}],"about":[{"href":"https:\/\/dueceira.pt\/index.php?rest_route=\/wp\/v2\/types\/page"}],"author":[{"embeddable":true,"href":"https:\/\/dueceira.pt\/index.php?rest_route=\/wp\/v2\/users\/3"}],"replies":[{"embeddable":true,"href":"https:\/\/dueceira.pt\/index.php?rest_route=%2Fwp%2Fv2%2Fcomments&post=14662"}],"version-history":[{"count":2,"href":"https:\/\/dueceira.pt\/index.php?rest_route=\/wp\/v2\/pages\/14662\/revisions"}],"predecessor-version":[{"id":14976,"href":"https:\/\/dueceira.pt\/index.php?rest_route=\/wp\/v2\/pages\/14662\/revisions\/14976"}],"wp:attachment":[{"href":"https:\/\/dueceira.pt\/index.php?rest_route=%2Fwp%2Fv2%2Fmedia&parent=14662"}],"curies":[{"name":"wp","href":"https:\/\/api.w.org\/{rel}","templated":true}]}}