{"id":15152,"date":"2025-08-01T16:14:00","date_gmt":"2025-08-01T16:14:00","guid":{"rendered":"https:\/\/dueceira.pt\/?page_id=15152"},"modified":"2025-08-01T16:16:32","modified_gmt":"2025-08-01T16:16:32","slug":"legislacao-relevante-2","status":"publish","type":"page","link":"https:\/\/dueceira.pt\/?page_id=15152","title":{"rendered":"Legisla\u00e7\u00e3o Relevante"},"content":{"rendered":"<p><a href=\"https:\/\/dueceira.pt\/wp-content\/uploads\/2025\/08\/download.png\"><img decoding=\"async\" class=\"alignnone wp-image-15153\" src=\"https:\/\/dueceira.pt\/wp-content\/uploads\/2025\/08\/download.png\" alt=\"\" width=\"211\" height=\"102\" srcset=\"https:\/\/dueceira.pt\/wp-content\/uploads\/2025\/08\/download-200x97.png 200w, https:\/\/dueceira.pt\/wp-content\/uploads\/2025\/08\/download-300x145.png 300w, https:\/\/dueceira.pt\/wp-content\/uploads\/2025\/08\/download-320x156.png 320w, https:\/\/dueceira.pt\/wp-content\/uploads\/2025\/08\/download.png 323w\" sizes=\"(max-width: 211px) 100vw, 211px\" \/><\/a><\/p>\n<h4 class=\"fusion-responsive-typography-calculated\" dir=\"auto\" data-fontsize=\"16\" data-lineheight=\"20px\"><a href=\"https:\/\/dueceira.pt\/wp-content\/uploads\/2025\/08\/Portaria-PEPAC.pdf\" target=\"_blank\" rel=\"noopener\">Portaria Regulamentar n.\u00ba 247\/2025\/1<\/a><\/h4>\n<p>Estabelece o regime espec\u00edfico da tipologia D.1.1.1, \u00abImplementa\u00e7\u00e3o das estrat\u00e9gias\u00bb, integrada na interven\u00e7\u00e3o D.1.1, \u00abEstrat\u00e9gias de desenvolvimento local\u00bb, do dom\u00ednio D.1, \u00abDesenvolvimento local de base comunit\u00e1ria\u00bb, do eixo D, \u00abAbordagem territorial integrada\u00bb, do Plano Estrat\u00e9gico da Pol\u00edtica Agr\u00edcola Comum para Portugal (PEPAC Portugal).<\/p>\n<p>&nbsp;<\/p>\n<p>&nbsp;<\/p>\n<hr \/>\n<p>&nbsp;<\/p>\n","protected":false},"excerpt":{"rendered":"<p>Portaria Regulamentar n.\u00ba 247\/2025\/1 Estabelece o regime espec\u00edfico da tipologia D.1.1.1, \u00abImplementa\u00e7\u00e3o das estrat\u00e9gias\u00bb, integrada na interven\u00e7\u00e3o D.1.1, \u00abEstrat\u00e9gias de desenvolvimento local\u00bb, do dom\u00ednio D.1, \u00abDesenvolvimento local de base comunit\u00e1ria\u00bb, do eixo D, \u00abAbordagem territorial integrada\u00bb, do Plano Estrat\u00e9gico da Pol\u00edtica Agr\u00edcola Comum para Portugal (PEPAC Portugal). &nbsp; &nbsp; &nbsp;<\/p>\n","protected":false},"author":3,"featured_media":0,"parent":0,"menu_order":0,"comment_status":"closed","ping_status":"closed","template":"","meta":{"footnotes":""},"class_list":["post-15152","page","type-page","status-publish","hentry"],"jetpack_sharing_enabled":true,"_links":{"self":[{"href":"https:\/\/dueceira.pt\/index.php?rest_route=\/wp\/v2\/pages\/15152","targetHints":{"allow":["GET"]}}],"collection":[{"href":"https:\/\/dueceira.pt\/index.php?rest_route=\/wp\/v2\/pages"}],"about":[{"href":"https:\/\/dueceira.pt\/index.php?rest_route=\/wp\/v2\/types\/page"}],"author":[{"embeddable":true,"href":"https:\/\/dueceira.pt\/index.php?rest_route=\/wp\/v2\/users\/3"}],"replies":[{"embeddable":true,"href":"https:\/\/dueceira.pt\/index.php?rest_route=%2Fwp%2Fv2%2Fcomments&post=15152"}],"version-history":[{"count":3,"href":"https:\/\/dueceira.pt\/index.php?rest_route=\/wp\/v2\/pages\/15152\/revisions"}],"predecessor-version":[{"id":15156,"href":"https:\/\/dueceira.pt\/index.php?rest_route=\/wp\/v2\/pages\/15152\/revisions\/15156"}],"wp:attachment":[{"href":"https:\/\/dueceira.pt\/index.php?rest_route=%2Fwp%2Fv2%2Fmedia&parent=15152"}],"curies":[{"name":"wp","href":"https:\/\/api.w.org\/{rel}","templated":true}]}}