{"id":15172,"date":"2025-08-04T10:01:13","date_gmt":"2025-08-04T10:01:13","guid":{"rendered":"https:\/\/dueceira.pt\/?page_id=15172"},"modified":"2026-04-23T10:30:51","modified_gmt":"2026-04-23T10:30:51","slug":"avisos-de-concurso-2","status":"publish","type":"page","link":"https:\/\/dueceira.pt\/?page_id=15172","title":{"rendered":"Avisos de Concurso"},"content":{"rendered":"<h4 class=\"fusion-responsive-typography-calculated\" data-fontsize=\"16\" data-lineheight=\"20px\">Programa DLBC Rural DUECEIRA2030 \/ LEADER<\/h4>\n<hr \/>\n<h4 class=\"fusion-responsive-typography-calculated\" dir=\"auto\" data-fontsize=\"16\" data-lineheight=\"20px\"><\/h4>\n<h4 class=\"fusion-responsive-typography-calculated\" dir=\"auto\" data-fontsize=\"16\" data-lineheight=\"20px\"><strong>LINHAS DE APOIO E AVISOS DE CONCURSO a implementar nos concelhos de Lous\u00e3, Miranda do Corvo e Vila Nova de Poiares:<\/strong><\/h4>\n<h4 class=\"fusion-responsive-typography-calculated\" dir=\"auto\" data-fontsize=\"16\" data-lineheight=\"20px\"><a href=\"https:\/\/dueceira.pt\/?page_id=15203\" target=\"_blank\" rel=\"noopener\">\u2022 D.1.1.1.1 \u2013 Pequenos investimentos na explora\u00e7\u00e3o agr\u00edcola<\/a><span style=\"color: #993366;\"> [Concurso Encerrado]<\/span><\/h4>\n<h4 class=\"fusion-responsive-typography-calculated\" dir=\"auto\" data-fontsize=\"16\" data-lineheight=\"20px\"><span style=\"color: #68994e;\"><strong>\u2022 D.1.1.1.2 \u2013 Pequenos investimentos em bioeconomia e economia circular [Previs\u00e3o de Abertura: Maio de 2026]<\/strong><\/span><\/h4>\n<h4 class=\"fusion-responsive-typography-calculated\" dir=\"auto\" data-fontsize=\"16\" data-lineheight=\"20px\">\u2022 D.1.1.1.3 \u2013 Investimentos em diversifica\u00e7\u00e3o, com\u00e9rcio e servi\u00e7os associados [Previs\u00e3o de Abertura: primeiro semestre de 2026]<\/h4>\n<h4 class=\"fusion-responsive-typography-calculated\" dir=\"auto\" data-fontsize=\"16\" data-lineheight=\"20px\">\u2022 D.1.1.1.4 \u2013 Inova\u00e7\u00e3o na comercializa\u00e7\u00e3o, cadeias curtas e mercados locais [Previs\u00e3o de Abertura: segundo semestre de 2026]<\/h4>\n<h4 class=\"fusion-responsive-typography-calculated\" dir=\"auto\" data-fontsize=\"16\" data-lineheight=\"20px\">\u2022 D.1.1.1.5 \u2013 Conserva\u00e7\u00e3o e valoriza\u00e7\u00e3o do patrim\u00f3nio rural, natural, cultural e gastron\u00f3mico (incluindo Aldeias Inteligentes) [Previs\u00e3o de Abertura: segundo semestre de 2026]<\/h4>\n<p>&nbsp;<\/p>\n<hr \/>\n<p>&nbsp;<\/p>\n","protected":false},"excerpt":{"rendered":"<p>Programa DLBC Rural DUECEIRA2030 \/ LEADER LINHAS DE APOIO E AVISOS DE CONCURSO a implementar nos concelhos de Lous\u00e3, Miranda do Corvo e Vila Nova de Poiares: \u2022 D.1.1.1.1 \u2013 Pequenos investimentos na explora\u00e7\u00e3o agr\u00edcola [Concurso Encerrado] \u2022 D.1.1.1.2 \u2013 Pequenos investimentos em bioeconomia e economia circular [Previs\u00e3o de Abertura: Maio de 2026] \u2022 D.1.1.1.3  [&#8230;]<\/p>\n","protected":false},"author":3,"featured_media":0,"parent":0,"menu_order":0,"comment_status":"closed","ping_status":"closed","template":"","meta":{"footnotes":""},"class_list":["post-15172","page","type-page","status-publish","hentry"],"jetpack_sharing_enabled":true,"_links":{"self":[{"href":"https:\/\/dueceira.pt\/index.php?rest_route=\/wp\/v2\/pages\/15172","targetHints":{"allow":["GET"]}}],"collection":[{"href":"https:\/\/dueceira.pt\/index.php?rest_route=\/wp\/v2\/pages"}],"about":[{"href":"https:\/\/dueceira.pt\/index.php?rest_route=\/wp\/v2\/types\/page"}],"author":[{"embeddable":true,"href":"https:\/\/dueceira.pt\/index.php?rest_route=\/wp\/v2\/users\/3"}],"replies":[{"embeddable":true,"href":"https:\/\/dueceira.pt\/index.php?rest_route=%2Fwp%2Fv2%2Fcomments&post=15172"}],"version-history":[{"count":6,"href":"https:\/\/dueceira.pt\/index.php?rest_route=\/wp\/v2\/pages\/15172\/revisions"}],"predecessor-version":[{"id":15408,"href":"https:\/\/dueceira.pt\/index.php?rest_route=\/wp\/v2\/pages\/15172\/revisions\/15408"}],"wp:attachment":[{"href":"https:\/\/dueceira.pt\/index.php?rest_route=%2Fwp%2Fv2%2Fmedia&parent=15172"}],"curies":[{"name":"wp","href":"https:\/\/api.w.org\/{rel}","templated":true}]}}