{"id":15356,"date":"2025-11-07T16:30:05","date_gmt":"2025-11-07T16:30:05","guid":{"rendered":"https:\/\/dueceira.pt\/?page_id=15356"},"modified":"2025-11-07T16:32:28","modified_gmt":"2025-11-07T16:32:28","slug":"acompanhamento-monitorizacao-e-avaliacao-pepac-2027","status":"publish","type":"page","link":"https:\/\/dueceira.pt\/?page_id=15356","title":{"rendered":"Acompanhamento, Monitoriza\u00e7\u00e3o e Avalia\u00e7\u00e3o PEPAC 2027"},"content":{"rendered":"<h4><a href=\"https:\/\/dueceira.pt\/wp-content\/uploads\/2025\/11\/Mobilizacao-e-Participacao-dos-Parceiros.pdf\" target=\"_blank\" rel=\"noopener\"><strong>Mobiliza\u00e7\u00e3o e Participa\u00e7\u00e3o dos Parceiros<\/strong><\/a><\/h4>\n<p>Visando o acompanhamento dos parceiros na prepara\u00e7\u00e3o e implementa\u00e7\u00e3o da EDL , aos quais est\u00e1 subjacente o conceito de Governan\u00e7a Local, que se refere \u00e0 melhoria da capacidade do GAL e, por iner\u00eancia do seu territ\u00f3rio e parceria, para gerir de forma efectiva e eficaz o processo de conhecimento , tomada de decis\u00e3o e execu\u00e7\u00e3o da Estrat\u00e9gia.<\/p>\n<h4><a href=\"https:\/\/dueceira.pt\/wp-content\/uploads\/2025\/11\/Mecanismos.pdf\" target=\"_blank\" rel=\"noopener\"><strong>Mecanismos de Anima\u00e7\u00e3o e Acompanhamento da EDL\u00a0<\/strong><\/a><\/h4>\n<p>Tendo como suporte metodol\u00f3gico o documento &#8220;Monitoriza\u00e7\u00e3o e Avalia\u00e7\u00e3o do Valor Acrescentado da Abordagem Leader&#8221;, que se constitui orienta\u00e7\u00e3o no seio da Rede dinamizada pela Federa\u00e7\u00e3o Minha Terra, \u00e9 preconizado um Sistema de Monitoriza\u00e7\u00e3o e Avalia\u00e7\u00e3o que preconiza como principais objectivos:<\/p>\n<ul>\n<li>Garantir a execu\u00e7\u00e3o da EDL do DLBC Rural DUECEIRA 2030;<\/li>\n<li>Estimular a constante an\u00e1lise cr\u00edtica sobre o trabalho desenvolvido;<\/li>\n<li>Promover o envolvimento e a responsabiliza\u00e7\u00e3o dos parceiros, associados, benefici\u00e1rios, agentes e actores locais;<\/li>\n<li>Fornecer a informa\u00e7\u00e3o necess\u00e1ria ao acompanhamento e monitoriza\u00e7\u00e3o PEPAC 2027 e outros Programas.<\/li>\n<\/ul>\n<h4><a href=\"https:\/\/dueceira.pt\/wp-content\/uploads\/2025\/11\/Dispositivos-Tecnico-Administrativos.pdf\" target=\"_blank\" rel=\"noopener\"><strong>Dispositivos T\u00e9cnico-Administrativos<\/strong><\/a><\/h4>\n<h4><a href=\"https:\/\/dueceira.pt\/wp-content\/uploads\/2025\/11\/Acompanhamento-e-Monitorizacao.pdf\" target=\"_blank\" rel=\"noopener\"><strong>Acompanhamento de Monitoriza\u00e7\u00e3o da EDL<\/strong><\/a><\/h4>\n<h4><a href=\"https:\/\/dueceira.pt\/wp-content\/uploads\/2025\/11\/publicitacao.pdf\" target=\"_blank\" rel=\"noopener\"><strong>Publicita\u00e7\u00e3o da EDL e seus Resultados<\/strong><\/a><\/h4>\n<p>O Sistema de Divulga\u00e7\u00e3o a implementar tem como principal objectivo, a cria\u00e7\u00e3o de um ambiente informativo de f\u00e1cil acesso e compreens\u00e3o e que se constitui como est\u00edmulo \u00e0 utiliza\u00e7\u00e3o correcta dos apoios colocados \u00e0 disposi\u00e7\u00e3o do territ\u00f3rio.<\/p>\n<p>&nbsp;<\/p>\n<p>(*) A informa\u00e7\u00e3o facultada foi extra\u00edda da EDL- Estrat\u00e9gia de Desenvolvimento Local DLBC Rural DUECEIRA 2030<\/p>\n<p>&nbsp;<\/p>\n<hr \/>\n<p>&nbsp;<\/p>\n","protected":false},"excerpt":{"rendered":"<p>Mobiliza\u00e7\u00e3o e Participa\u00e7\u00e3o dos Parceiros Visando o acompanhamento dos parceiros na prepara\u00e7\u00e3o e implementa\u00e7\u00e3o da EDL , aos quais est\u00e1 subjacente o conceito de Governan\u00e7a Local, que se refere \u00e0 melhoria da capacidade do GAL e, por iner\u00eancia do seu territ\u00f3rio e parceria, para gerir de forma efectiva e eficaz o processo de conhecimento ,  [&#8230;]<\/p>\n","protected":false},"author":3,"featured_media":0,"parent":0,"menu_order":0,"comment_status":"closed","ping_status":"closed","template":"","meta":{"footnotes":""},"class_list":["post-15356","page","type-page","status-publish","hentry"],"jetpack_sharing_enabled":true,"_links":{"self":[{"href":"https:\/\/dueceira.pt\/index.php?rest_route=\/wp\/v2\/pages\/15356","targetHints":{"allow":["GET"]}}],"collection":[{"href":"https:\/\/dueceira.pt\/index.php?rest_route=\/wp\/v2\/pages"}],"about":[{"href":"https:\/\/dueceira.pt\/index.php?rest_route=\/wp\/v2\/types\/page"}],"author":[{"embeddable":true,"href":"https:\/\/dueceira.pt\/index.php?rest_route=\/wp\/v2\/users\/3"}],"replies":[{"embeddable":true,"href":"https:\/\/dueceira.pt\/index.php?rest_route=%2Fwp%2Fv2%2Fcomments&post=15356"}],"version-history":[{"count":1,"href":"https:\/\/dueceira.pt\/index.php?rest_route=\/wp\/v2\/pages\/15356\/revisions"}],"predecessor-version":[{"id":15362,"href":"https:\/\/dueceira.pt\/index.php?rest_route=\/wp\/v2\/pages\/15356\/revisions\/15362"}],"wp:attachment":[{"href":"https:\/\/dueceira.pt\/index.php?rest_route=%2Fwp%2Fv2%2Fmedia&parent=15356"}],"curies":[{"name":"wp","href":"https:\/\/api.w.org\/{rel}","templated":true}]}}